{"id":2405,"date":"2021-03-22T10:39:43","date_gmt":"2021-03-22T14:39:43","guid":{"rendered":"http:\/\/www.perseusdata2.com\/camarabarreirinha\/?page_id=2405"},"modified":"2021-03-22T11:05:00","modified_gmt":"2021-03-22T15:05:00","slug":"diario-oficial-dos-municipios","status":"publish","type":"page","link":"https:\/\/www.perseusdata2.com\/camarabarreirinha\/diario-oficial-dos-municipios\/","title":{"rendered":"Di\u00e1rio Oficial dos Municipios"},"content":{"rendered":"\t\t<div data-elementor-type=\"wp-page\" data-elementor-id=\"2405\" class=\"elementor elementor-2405\">\n\t\t\t\t\t\t<div class=\"elementor-inner\">\n\t\t\t\t<div class=\"elementor-section-wrap\">\n\t\t\t\t\t\t\t\t\t<section class=\"elementor-section elementor-top-section elementor-element elementor-element-caf1cfb elementor-section-boxed elementor-section-height-default elementor-section-height-default\" data-id=\"caf1cfb\" data-element_type=\"section\">\n\t\t\t\t\t\t<div class=\"elementor-container elementor-column-gap-default\">\n\t\t\t\t\t\t\t<div class=\"elementor-row\">\n\t\t\t\t\t<div class=\"elementor-column elementor-col-100 elementor-top-column elementor-element elementor-element-a0f83f4\" data-id=\"a0f83f4\" data-element_type=\"column\">\n\t\t\t<div class=\"elementor-column-wrap elementor-element-populated\">\n\t\t\t\t\t\t\t<div class=\"elementor-widget-wrap\">\n\t\t\t\t\t\t<div class=\"elementor-element elementor-element-2ffa962 elementor-widget elementor-widget-spacer\" data-id=\"2ffa962\" data-element_type=\"widget\" data-widget_type=\"spacer.default\">\n\t\t\t\t<div class=\"elementor-widget-container\">\n\t\t\t\t\t<div class=\"elementor-spacer\">\n\t\t\t<div class=\"elementor-spacer-inner\"><\/div>\n\t\t<\/div>\n\t\t\t\t<\/div>\n\t\t\t\t<\/div>\n\t\t\t\t<div class=\"elementor-element elementor-element-bd49215 elementor-widget elementor-widget-image\" data-id=\"bd49215\" data-element_type=\"widget\" data-widget_type=\"image.default\">\n\t\t\t\t<div class=\"elementor-widget-container\">\n\t\t\t\t\t\t\t\t<div class=\"elementor-image\">\n\t\t\t\t\t\t\t\t\t\t\t\t\t<a href=\"https:\/\/diariomunicipalaam.org.br\/\" target=\"_blank\" rel=\"noopener\">\n\t\t\t\t\t\t\t<img width=\"244\" height=\"120\" src=\"https:\/\/www.perseusdata2.com\/camarabarreirinha\/wp-content\/uploads\/sites\/34\/2021\/03\/Diario.jpg\" class=\"attachment-large size-large\" alt=\"\" loading=\"lazy\" style=\"width:100%;height:49.18%;max-width:244px\" \/>\t\t\t\t\t\t\t\t<\/a>\n\t\t\t\t\t\t\t\t\t\t\t\t\t\t<\/div>\n\t\t\t\t\t\t<\/div>\n\t\t\t\t<\/div>\n\t\t\t\t<div class=\"elementor-element elementor-element-7756528 elementor-widget elementor-widget-text-editor\" data-id=\"7756528\" data-element_type=\"widget\" data-widget_type=\"text-editor.default\">\n\t\t\t\t<div class=\"elementor-widget-container\">\n\t\t\t\t\t\t\t\t<div class=\"elementor-text-editor elementor-clearfix\">\n\t\t\t\t<p style=\"text-align: center;\"><span style=\"color: #000000;\">Clique no \u00edcone acima e ser\u00e1 direcionado ao Di\u00e1rio Oficial dos Municipios do Amazonas<\/span><\/p>\t\t\t\t\t<\/div>\n\t\t\t\t\t\t<\/div>\n\t\t\t\t<\/div>\n\t\t\t\t\t\t<\/div>\n\t\t\t\t\t<\/div>\n\t\t<\/div>\n\t\t\t\t\t\t\t\t<\/div>\n\t\t\t\t\t<\/div>\n\t\t<\/section>\n\t\t\t\t\t\t\t\t\t<\/div>\n\t\t\t<\/div>\n\t\t\t\t\t<\/div>\n\t\t","protected":false},"excerpt":{"rendered":"<p>Clique no \u00edcone acima e ser\u00e1 direcionado ao Di\u00e1rio Oficial dos Municipios do Amazonas<\/p>\n","protected":false},"author":1,"featured_media":2406,"parent":0,"menu_order":0,"comment_status":"closed","ping_status":"closed","template":"elementor_header_footer","meta":[],"_links":{"self":[{"href":"https:\/\/www.perseusdata2.com\/camarabarreirinha\/wp-json\/wp\/v2\/pages\/2405"}],"collection":[{"href":"https:\/\/www.perseusdata2.com\/camarabarreirinha\/wp-json\/wp\/v2\/pages"}],"about":[{"href":"https:\/\/www.perseusdata2.com\/camarabarreirinha\/wp-json\/wp\/v2\/types\/page"}],"author":[{"embeddable":true,"href":"https:\/\/www.perseusdata2.com\/camarabarreirinha\/wp-json\/wp\/v2\/users\/1"}],"replies":[{"embeddable":true,"href":"https:\/\/www.perseusdata2.com\/camarabarreirinha\/wp-json\/wp\/v2\/comments?post=2405"}],"version-history":[{"count":13,"href":"https:\/\/www.perseusdata2.com\/camarabarreirinha\/wp-json\/wp\/v2\/pages\/2405\/revisions"}],"predecessor-version":[{"id":2440,"href":"https:\/\/www.perseusdata2.com\/camarabarreirinha\/wp-json\/wp\/v2\/pages\/2405\/revisions\/2440"}],"wp:featuredmedia":[{"embeddable":true,"href":"https:\/\/www.perseusdata2.com\/camarabarreirinha\/wp-json\/wp\/v2\/media\/2406"}],"wp:attachment":[{"href":"https:\/\/www.perseusdata2.com\/camarabarreirinha\/wp-json\/wp\/v2\/media?parent=2405"}],"curies":[{"name":"wp","href":"https:\/\/api.w.org\/{rel}","templated":true}]}}