{"id":159,"date":"2021-01-17T09:02:06","date_gmt":"2021-01-17T13:02:06","guid":{"rendered":"http:\/\/www.perseusdata2.com\/camarahumaita\/?page_id=159"},"modified":"2025-05-15T04:46:22","modified_gmt":"2025-05-15T08:46:22","slug":"despesas","status":"publish","type":"page","link":"https:\/\/www.perseusdata2.com\/camarahumaita\/despesas\/","title":{"rendered":"Despesas"},"content":{"rendered":"\t\t<div data-elementor-type=\"wp-page\" data-elementor-id=\"159\" class=\"elementor elementor-159\">\n\t\t\t\t\t\t<div class=\"elementor-inner\">\n\t\t\t\t<div class=\"elementor-section-wrap\">\n\t\t\t\t\t\t\t\t\t<section class=\"elementor-section elementor-top-section elementor-element elementor-element-a304ee9 elementor-section-full_width elementor-section-height-default elementor-section-height-default\" data-id=\"a304ee9\" data-element_type=\"section\">\n\t\t\t\t\t\t<div class=\"elementor-container elementor-column-gap-default\">\n\t\t\t\t\t\t\t<div class=\"elementor-row\">\n\t\t\t\t\t<div class=\"elementor-column elementor-col-66 elementor-top-column elementor-element elementor-element-237449d\" data-id=\"237449d\" data-element_type=\"column\">\n\t\t\t<div class=\"elementor-column-wrap\">\n\t\t\t\t\t\t\t<div class=\"elementor-widget-wrap\">\n\t\t\t\t\t\t\t\t<\/div>\n\t\t\t\t\t<\/div>\n\t\t<\/div>\n\t\t\t\t<div class=\"elementor-column elementor-col-33 elementor-top-column elementor-element elementor-element-0f907f1\" data-id=\"0f907f1\" data-element_type=\"column\">\n\t\t\t<div class=\"elementor-column-wrap elementor-element-populated\">\n\t\t\t\t\t\t\t<div class=\"elementor-widget-wrap\">\n\t\t\t\t\t\t<div class=\"elementor-element elementor-element-f714c7b elementor-headline--style-highlight elementor-widget elementor-widget-animated-headline\" data-id=\"f714c7b\" data-element_type=\"widget\" data-settings=\"{&quot;marker&quot;:&quot;underline&quot;,&quot;highlighted_text&quot;:&quot;Despesas&quot;,&quot;headline_style&quot;:&quot;highlight&quot;,&quot;loop&quot;:&quot;yes&quot;,&quot;highlight_animation_duration&quot;:1200,&quot;highlight_iteration_delay&quot;:8000}\" data-widget_type=\"animated-headline.default\">\n\t\t\t\t<div class=\"elementor-widget-container\">\n\t\t\t\t\t<h4 class=\"elementor-headline\">\n\t\t\t\t<span class=\"elementor-headline-dynamic-wrapper elementor-headline-text-wrapper\">\n\t\t\t\t\t<span class=\"elementor-headline-dynamic-text elementor-headline-text-active\">Despesas<\/span>\n\t\t\t\t<\/span>\n\t\t\t\t<\/h4>\n\t\t\t\t<\/div>\n\t\t\t\t<\/div>\n\t\t\t\t\t\t<\/div>\n\t\t\t\t\t<\/div>\n\t\t<\/div>\n\t\t\t\t\t\t\t\t<\/div>\n\t\t\t\t\t<\/div>\n\t\t<\/section>\n\t\t\t\t<section class=\"elementor-section elementor-top-section elementor-element elementor-element-2714167 elementor-section-full_width elementor-section-height-default elementor-section-height-default\" data-id=\"2714167\" data-element_type=\"section\">\n\t\t\t\t\t\t<div class=\"elementor-container elementor-column-gap-default\">\n\t\t\t\t\t\t\t<div class=\"elementor-row\">\n\t\t\t\t\t<div class=\"elementor-column elementor-col-100 elementor-top-column elementor-element elementor-element-deef062\" data-id=\"deef062\" data-element_type=\"column\">\n\t\t\t<div class=\"elementor-column-wrap\">\n\t\t\t\t\t\t\t<div class=\"elementor-widget-wrap\">\n\t\t\t\t\t\t\t\t<\/div>\n\t\t\t\t\t<\/div>\n\t\t<\/div>\n\t\t\t\t\t\t\t\t<\/div>\n\t\t\t\t\t<\/div>\n\t\t<\/section>\n\t\t\t\t<section class=\"elementor-section elementor-top-section elementor-element elementor-element-af4cd1e elementor-section-full_width elementor-section-height-default elementor-section-height-default\" data-id=\"af4cd1e\" data-element_type=\"section\">\n\t\t\t\t\t\t<div class=\"elementor-container elementor-column-gap-default\">\n\t\t\t\t\t\t\t<div class=\"elementor-row\">\n\t\t\t\t\t<div class=\"elementor-column elementor-col-100 elementor-top-column elementor-element elementor-element-c611056\" data-id=\"c611056\" data-element_type=\"column\">\n\t\t\t<div class=\"elementor-column-wrap elementor-element-populated\">\n\t\t\t\t\t\t\t<div class=\"elementor-widget-wrap\">\n\t\t\t\t\t\t<div class=\"elementor-element elementor-element-0b75a24 elementor-tabs-view-horizontal elementor-widget elementor-widget-tabs\" data-id=\"0b75a24\" data-element_type=\"widget\" data-widget_type=\"tabs.default\">\n\t\t\t\t<div class=\"elementor-widget-container\">\n\t\t\t\t\t<div class=\"elementor-tabs\">\n\t\t\t<div class=\"elementor-tabs-wrapper\" role=\"tablist\" >\n\t\t\t\t\t\t\t\t\t<div id=\"elementor-tab-title-1201\" class=\"elementor-tab-title elementor-tab-desktop-title\" aria-selected=\"true\" data-tab=\"1\" role=\"tab\" tabindex=\"0\" aria-controls=\"elementor-tab-content-1201\" aria-expanded=\"false\"><a href=\"\">Or\u00e7ament\u00e1rio<\/a><\/div>\n\t\t\t\t\t\t\t\t\t<div id=\"elementor-tab-title-1202\" class=\"elementor-tab-title elementor-tab-desktop-title\" aria-selected=\"false\" data-tab=\"2\" role=\"tab\" tabindex=\"-1\" aria-controls=\"elementor-tab-content-1202\" aria-expanded=\"false\"><a href=\"\">Extra Or\u00e7ament\u00e1rio<\/a><\/div>\n\t\t\t\t\t\t\t<\/div>\n\t\t\t<div class=\"elementor-tabs-content-wrapper\" role=\"tablist\" aria-orientation=\"vertical\">\n\t\t\t\t\t\t\t\t\t<div class=\"elementor-tab-title elementor-tab-mobile-title\" aria-selected=\"true\" data-tab=\"1\" role=\"tab\" tabindex=\"0\" aria-controls=\"elementor-tab-content-1201\" aria-expanded=\"false\">Or\u00e7ament\u00e1rio<\/div>\n\t\t\t\t\t<div id=\"elementor-tab-content-1201\" class=\"elementor-tab-content elementor-clearfix\" data-tab=\"1\" role=\"tabpanel\" aria-labelledby=\"elementor-tab-title-1201\" tabindex=\"0\" hidden=\"false\"><div class=\"responsive-tabs\">\n<h2 class=\"tabtitle\">2025<\/h2>\n<div class=\"tabcontent\">\n\n<!-- iframe plugin v.4.9 wordpress.org\/plugins\/iframe\/ -->\n<iframe loading=\"lazy\" src=\"https:\/\/camaraportal.org\/humaita\/2025\/portaldatagrid\/index.php?table=EMPENHO\" width=\"100%\" height=\"2300\" scrolling=\"yes\" class=\"iframe-class\" frameborder=\"0\"><\/iframe>\n<p>\u00a0<\/p><p>\n<\/div><h2 class=\"tabtitle\">2024<\/h2>\n<div class=\"tabcontent\">\n<br \/>\n<!-- iframe plugin v.4.9 wordpress.org\/plugins\/iframe\/ -->\n<iframe loading=\"lazy\" src=\"https:\/\/www.perseusdata2.com\/camarahumaita\/2024a\/grid_EMPENHO\/\" height=\"1550\" scrolling=\"yes\" width=\"100%\" class=\"iframe-class\" frameborder=\"0\"><\/iframe>\n<\/p><p>\n<\/div><h2 class=\"tabtitle\">2023<\/h2>\n<div class=\"tabcontent\">\n<br \/>\n<!-- iframe plugin v.4.9 wordpress.org\/plugins\/iframe\/ -->\n<iframe loading=\"lazy\" src=\"https:\/\/www.perseusdata2.com\/camarahumaita\/2023\/relaodeempenhosdesk_list.php\" height=\"1550\" scrolling=\"yes\" width=\"100%\" class=\"iframe-class\" frameborder=\"0\"><\/iframe>\n<\/p><p>\n<\/div><h2 class=\"tabtitle\">2022<\/h2>\n<div class=\"tabcontent\">\n<br \/>\n<!-- iframe plugin v.4.9 wordpress.org\/plugins\/iframe\/ -->\n<iframe loading=\"lazy\" src=\"https:\/\/www.perseusdata2.com\/camarahumaita\/20202022\/grid_do2022\/\" height=\"1550\" scrolling=\"yes\" width=\"100%\" class=\"iframe-class\" frameborder=\"0\"><\/iframe>\n<\/p><p>\n<\/div><h2 class=\"tabtitle\">2021<\/h2>\n<div class=\"tabcontent\">\n<br \/>\n<!-- iframe plugin v.4.9 wordpress.org\/plugins\/iframe\/ -->\n<iframe loading=\"lazy\" src=\"https:\/\/www.perseusdata2.com\/camarahumaita\/20202022\/grid_do2021\/\" height=\"1550\" scrolling=\"yes\" width=\"100%\" class=\"iframe-class\" frameborder=\"0\"><\/iframe>\n<br \/>\n<\/div><h2 class=\"tabtitle\">2020<\/h2>\n<div class=\"tabcontent\">\n<br \/>\n<!-- iframe plugin v.4.9 wordpress.org\/plugins\/iframe\/ -->\n<iframe loading=\"lazy\" src=\"https:\/\/www.perseusdata2.com\/camarahumaita\/20202022\/grid_do2020\/\" height=\"1550\" scrolling=\"yes\" width=\"100%\" class=\"iframe-class\" frameborder=\"0\"><\/iframe>\n<br \/>\n<\/div><h2 class=\"tabtitle\">2019<\/h2>\n<div class=\"tabcontent\">\n<br \/>\n<!-- iframe plugin v.4.9 wordpress.org\/plugins\/iframe\/ -->\n<iframe loading=\"lazy\" src=\"https:\/\/www.perseusdata2.com\/camarahumaita\/20162019\/do2019_list.php\" height=\"1550\" scrolling=\"yes\" width=\"100%\" class=\"iframe-class\" frameborder=\"0\"><\/iframe>\n<br \/>\n<\/div><h2 class=\"tabtitle\">2018<\/h2>\n<div class=\"tabcontent\">\n<br \/>\n<!-- iframe plugin v.4.9 wordpress.org\/plugins\/iframe\/ -->\n<iframe loading=\"lazy\" src=\"https:\/\/www.perseusdata2.com\/camarahumaita\/20162019\/do2018_list.php\" height=\"1550\" scrolling=\"yes\" width=\"100%\" class=\"iframe-class\" frameborder=\"0\"><\/iframe>\n<br \/>\n<\/div><h2 class=\"tabtitle\">2017<\/h2>\n<div class=\"tabcontent\">\n<br \/>\n<!-- iframe plugin v.4.9 wordpress.org\/plugins\/iframe\/ -->\n<iframe loading=\"lazy\" src=\"https:\/\/www.perseusdata2.com\/camarahumaita\/20162019\/do2017_list.php\" height=\"1550\" scrolling=\"yes\" width=\"100%\" class=\"iframe-class\" frameborder=\"0\"><\/iframe>\n<br \/>\n<\/div><h2 class=\"tabtitle\">2016<\/h2>\n<div class=\"tabcontent\">\n<br \/>\n<!-- iframe plugin v.4.9 wordpress.org\/plugins\/iframe\/ -->\n<iframe loading=\"lazy\" src=\"https:\/\/www.perseusdata2.com\/camarahumaita\/20162019\/do2016_list.php\" height=\"1550\" scrolling=\"yes\" width=\"100%\" class=\"iframe-class\" frameborder=\"0\"><\/iframe>\n<br \/>\n<\/div><h2 class=\"tabtitle\">2015<\/h2>\n<div class=\"tabcontent\">\n<br \/>\n<!-- iframe plugin v.4.9 wordpress.org\/plugins\/iframe\/ -->\n<iframe loading=\"lazy\" src=\"https:\/\/www.perseusdata2.com\/camarahumaita\/2015\/DespesaOrcamentaria2015.php\" height=\"1550\" scrolling=\"yes\" width=\"100%\" class=\"iframe-class\" frameborder=\"0\"><\/iframe>\n<br \/>\n<\/div><h2 class=\"tabtitle\">2014<\/h2>\n<div class=\"tabcontent\">\n<br \/>\n<!-- iframe plugin v.4.9 wordpress.org\/plugins\/iframe\/ -->\n<iframe loading=\"lazy\" src=\"https:\/\/www.perseusdata2.com\/camarahumaita\/2014\/DespesaOrcamentaria2014.php\" height=\"1550\" scrolling=\"yes\" width=\"100%\" class=\"iframe-class\" frameborder=\"0\"><\/iframe>\n<br \/>\n<\/div><h2 class=\"tabtitle\">2013<\/h2>\n<div class=\"tabcontent\">\n<br \/>\n<!-- iframe plugin v.4.9 wordpress.org\/plugins\/iframe\/ -->\n<iframe loading=\"lazy\" src=\"https:\/\/www.perseusdata2.com\/camarahumaita\/2013\/despesas_list.php\" height=\"1550\" scrolling=\"yes\" width=\"100%\" class=\"iframe-class\" frameborder=\"0\"><\/iframe>\n<br \/><\/div><\/div><\/p><\/div>\n\t\t\t\t\t\t\t\t\t<div class=\"elementor-tab-title elementor-tab-mobile-title\" aria-selected=\"false\" data-tab=\"2\" role=\"tab\" tabindex=\"-1\" aria-controls=\"elementor-tab-content-1202\" aria-expanded=\"false\">Extra Or\u00e7ament\u00e1rio<\/div>\n\t\t\t\t\t<div id=\"elementor-tab-content-1202\" class=\"elementor-tab-content elementor-clearfix\" data-tab=\"2\" role=\"tabpanel\" aria-labelledby=\"elementor-tab-title-1202\" tabindex=\"0\" hidden=\"hidden\"><div class=\"responsive-tabs\">\n<h2 class=\"tabtitle\">2025<\/h2>\n<div class=\"tabcontent\">\n\n<!-- iframe plugin v.4.9 wordpress.org\/plugins\/iframe\/ -->\n<iframe loading=\"lazy\" src=\"https:\/\/camaraportal.org\/humaita\/2025\/portaldatagrid\/index.php?table=RETENCAOEMPENHO\" width=\"100%\" height=\"1300\" scrolling=\"yes\" class=\"iframe-class\" frameborder=\"0\"><\/iframe>\n<p>\n<\/div><h2 class=\"tabtitle\">2024<\/h2>\n<div class=\"tabcontent\">\n<br \/>\n<!-- iframe plugin v.4.9 wordpress.org\/plugins\/iframe\/ -->\n<iframe loading=\"lazy\" src=\"https:\/\/www.perseusdata2.com\/camarahumaita\/2024a\/grid_EMPENHO\/\" height=\"1550\" scrolling=\"yes\" width=\"100%\" class=\"iframe-class\" frameborder=\"0\"><\/iframe>\n<\/p><p>\n<\/div><h2 class=\"tabtitle\">2023<\/h2>\n<div class=\"tabcontent\">\n<br \/>\n<!-- iframe plugin v.4.9 wordpress.org\/plugins\/iframe\/ -->\n<iframe loading=\"lazy\" src=\"https:\/\/www.perseusdata2.com\/camarahumaita\/2023\/relaodedespesasextrasemitidasliquidadasmodelo2_list.php\" height=\"1550\" scrolling=\"yes\" width=\"100%\" class=\"iframe-class\" frameborder=\"0\"><\/iframe>\n<\/p><p>\n<\/div><h2 class=\"tabtitle\">2022<\/h2>\n<div class=\"tabcontent\">\n<br \/>\n<!-- iframe plugin v.4.9 wordpress.org\/plugins\/iframe\/ -->\n<iframe loading=\"lazy\" src=\"https:\/\/www.perseusdata2.com\/camarahumaita\/20202022\/grid_deo2022\/\" height=\"1550\" scrolling=\"yes\" width=\"100%\" class=\"iframe-class\" frameborder=\"0\"><\/iframe>\n<\/p><p>\n<\/div><h2 class=\"tabtitle\">2021<\/h2>\n<div class=\"tabcontent\">\n<br \/>\n<!-- iframe plugin v.4.9 wordpress.org\/plugins\/iframe\/ -->\n<iframe loading=\"lazy\" src=\"https:\/\/www.perseusdata2.com\/camarahumaita\/20202022\/grid_deo2021\/\" height=\"1550\" scrolling=\"yes\" width=\"100%\" class=\"iframe-class\" frameborder=\"0\"><\/iframe>\n<br \/>\n<\/div><h2 class=\"tabtitle\">2020<\/h2>\n<div class=\"tabcontent\">\n<br \/>\n<!-- iframe plugin v.4.9 wordpress.org\/plugins\/iframe\/ -->\n<iframe loading=\"lazy\" src=\"https:\/\/www.perseusdata2.com\/camarahumaita\/20202022\/grid_deo2020\/\" height=\"1550\" scrolling=\"yes\" width=\"100%\" class=\"iframe-class\" frameborder=\"0\"><\/iframe>\n<br \/>\n<\/div><h2 class=\"tabtitle\">2019<\/h2>\n<div class=\"tabcontent\">\n<br \/>\n<!-- iframe plugin v.4.9 wordpress.org\/plugins\/iframe\/ -->\n<iframe loading=\"lazy\" src=\"https:\/\/www.perseusdata2.com\/camarahumaita\/20162019\/deo2019_list.php\" height=\"1550\" scrolling=\"yes\" width=\"100%\" class=\"iframe-class\" frameborder=\"0\"><\/iframe>\n<br \/>\n<\/div><h2 class=\"tabtitle\">2018<\/h2>\n<div class=\"tabcontent\">\n<br \/>\n<!-- iframe plugin v.4.9 wordpress.org\/plugins\/iframe\/ -->\n<iframe loading=\"lazy\" src=\"https:\/\/www.perseusdata2.com\/camarahumaita\/20162019\/deo2018_list.php\" height=\"1550\" scrolling=\"yes\" width=\"100%\" class=\"iframe-class\" frameborder=\"0\"><\/iframe>\n<br \/>\n<\/div><h2 class=\"tabtitle\">2017<\/h2>\n<div class=\"tabcontent\">\n<br \/>\n<!-- iframe plugin v.4.9 wordpress.org\/plugins\/iframe\/ -->\n<iframe loading=\"lazy\" src=\"https:\/\/www.perseusdata2.com\/camarahumaita\/20162019\/deo2017_list.php\" height=\"1550\" scrolling=\"yes\" width=\"100%\" class=\"iframe-class\" frameborder=\"0\"><\/iframe>\n<br \/>\n<\/div><h2 class=\"tabtitle\">2016<\/h2>\n<div class=\"tabcontent\">\n<br \/>\n<!-- iframe plugin v.4.9 wordpress.org\/plugins\/iframe\/ -->\n<iframe loading=\"lazy\" src=\"https:\/\/www.perseusdata2.com\/camarahumaita\/20162019\/deo2016_list.php\" height=\"1550\" scrolling=\"yes\" width=\"100%\" class=\"iframe-class\" frameborder=\"0\"><\/iframe>\n<br \/>\n<\/div><h2 class=\"tabtitle\">2015<\/h2>\n<div class=\"tabcontent\">\n<br \/>\n<!-- iframe plugin v.4.9 wordpress.org\/plugins\/iframe\/ -->\n<iframe loading=\"lazy\" src=\"https:\/\/www.perseusdata2.com\/camarahumaita\/2015\/DespesaExtraOrcamentaria2015.php\" height=\"1550\" scrolling=\"yes\" width=\"100%\" class=\"iframe-class\" frameborder=\"0\"><\/iframe>\n<br \/>\n<\/div><h2 class=\"tabtitle\">2014<\/h2>\n<div class=\"tabcontent\">\n<br \/>\n<!-- iframe plugin v.4.9 wordpress.org\/plugins\/iframe\/ -->\n<iframe loading=\"lazy\" src=\"https:\/\/www.perseusdata2.com\/camarahumaita\/2014\/DespesaExtraOrcamentaria2014.php\" height=\"1550\" scrolling=\"yes\" width=\"100%\" class=\"iframe-class\" frameborder=\"0\"><\/iframe>\n<br \/>\n<\/div><h2 class=\"tabtitle\">2013<\/h2>\n<div class=\"tabcontent\">\n<br \/>\n<!-- iframe plugin v.4.9 wordpress.org\/plugins\/iframe\/ -->\n<iframe loading=\"lazy\" src=\"https:\/\/www.perseusdata2.com\/camarahumaita\/2013\/despesasextra_list.php\" height=\"1550\" scrolling=\"yes\" width=\"100%\" class=\"iframe-class\" frameborder=\"0\"><\/iframe>\n<br \/><\/div><\/div><\/p><\/div>\n\t\t\t\t\t\t\t<\/div>\n\t\t<\/div>\n\t\t\t\t<\/div>\n\t\t\t\t<\/div>\n\t\t\t\t\t\t<\/div>\n\t\t\t\t\t<\/div>\n\t\t<\/div>\n\t\t\t\t\t\t\t\t<\/div>\n\t\t\t\t\t<\/div>\n\t\t<\/section>\n\t\t\t\t\t\t\t\t\t<\/div>\n\t\t\t<\/div>\n\t\t\t\t\t<\/div>\n\t\t","protected":false},"excerpt":{"rendered":"<p>Despesas Or\u00e7ament\u00e1rio Extra Or\u00e7ament\u00e1rio Or\u00e7ament\u00e1rio 2025 \u00a0 2024 2023 2022 2021 2020 2019 2018 2017 2016 2015 2014 2013 Extra Or\u00e7ament\u00e1rio 2025 2024 2023 2022 2021 2020 2019 2018 2017 2016 2015 2014 2013<\/p>\n","protected":false},"author":1,"featured_media":946,"parent":0,"menu_order":0,"comment_status":"closed","ping_status":"closed","template":"elementor_header_footer","meta":{"_coblocks_attr":"","_coblocks_dimensions":"","_coblocks_responsive_height":"","_coblocks_accordion_ie_support":""},"_links":{"self":[{"href":"https:\/\/www.perseusdata2.com\/camarahumaita\/wp-json\/wp\/v2\/pages\/159"}],"collection":[{"href":"https:\/\/www.perseusdata2.com\/camarahumaita\/wp-json\/wp\/v2\/pages"}],"about":[{"href":"https:\/\/www.perseusdata2.com\/camarahumaita\/wp-json\/wp\/v2\/types\/page"}],"author":[{"embeddable":true,"href":"https:\/\/www.perseusdata2.com\/camarahumaita\/wp-json\/wp\/v2\/users\/1"}],"replies":[{"embeddable":true,"href":"https:\/\/www.perseusdata2.com\/camarahumaita\/wp-json\/wp\/v2\/comments?post=159"}],"version-history":[{"count":190,"href":"https:\/\/www.perseusdata2.com\/camarahumaita\/wp-json\/wp\/v2\/pages\/159\/revisions"}],"predecessor-version":[{"id":2242,"href":"https:\/\/www.perseusdata2.com\/camarahumaita\/wp-json\/wp\/v2\/pages\/159\/revisions\/2242"}],"wp:featuredmedia":[{"embeddable":true,"href":"https:\/\/www.perseusdata2.com\/camarahumaita\/wp-json\/wp\/v2\/media\/946"}],"wp:attachment":[{"href":"https:\/\/www.perseusdata2.com\/camarahumaita\/wp-json\/wp\/v2\/media?parent=159"}],"curies":[{"name":"wp","href":"https:\/\/api.w.org\/{rel}","templated":true}]}}