{"id":165,"date":"2021-01-17T09:03:10","date_gmt":"2021-01-17T13:03:10","guid":{"rendered":"http:\/\/www.perseusdata2.com\/camarahumaita\/?page_id=165"},"modified":"2021-02-20T22:57:06","modified_gmt":"2021-02-21T02:57:06","slug":"contratos","status":"publish","type":"page","link":"https:\/\/www.perseusdata2.com\/camarahumaita\/contratos\/","title":{"rendered":"Contratos"},"content":{"rendered":"\t\t<div data-elementor-type=\"wp-page\" data-elementor-id=\"165\" class=\"elementor elementor-165\">\n\t\t\t\t\t\t<div class=\"elementor-inner\">\n\t\t\t\t<div class=\"elementor-section-wrap\">\n\t\t\t\t\t\t\t\t\t<section class=\"elementor-section elementor-top-section elementor-element elementor-element-4940bef elementor-section-full_width elementor-section-height-default elementor-section-height-default\" data-id=\"4940bef\" data-element_type=\"section\">\n\t\t\t\t\t\t<div class=\"elementor-container elementor-column-gap-default\">\n\t\t\t\t\t\t\t<div class=\"elementor-row\">\n\t\t\t\t\t<div class=\"elementor-column elementor-col-66 elementor-top-column elementor-element elementor-element-4766e8f\" data-id=\"4766e8f\" data-element_type=\"column\">\n\t\t\t<div class=\"elementor-column-wrap\">\n\t\t\t\t\t\t\t<div class=\"elementor-widget-wrap\">\n\t\t\t\t\t\t\t\t<\/div>\n\t\t\t\t\t<\/div>\n\t\t<\/div>\n\t\t\t\t<div class=\"elementor-column elementor-col-33 elementor-top-column elementor-element elementor-element-259d7e5\" data-id=\"259d7e5\" data-element_type=\"column\">\n\t\t\t<div class=\"elementor-column-wrap elementor-element-populated\">\n\t\t\t\t\t\t\t<div class=\"elementor-widget-wrap\">\n\t\t\t\t\t\t<div class=\"elementor-element elementor-element-95820f3 elementor-headline--style-highlight elementor-widget elementor-widget-animated-headline\" data-id=\"95820f3\" data-element_type=\"widget\" data-settings=\"{&quot;marker&quot;:&quot;underline&quot;,&quot;highlighted_text&quot;:&quot;Contratos&quot;,&quot;headline_style&quot;:&quot;highlight&quot;,&quot;loop&quot;:&quot;yes&quot;,&quot;highlight_animation_duration&quot;:1200,&quot;highlight_iteration_delay&quot;:8000}\" data-widget_type=\"animated-headline.default\">\n\t\t\t\t<div class=\"elementor-widget-container\">\n\t\t\t\t\t<h4 class=\"elementor-headline\">\n\t\t\t\t<span class=\"elementor-headline-dynamic-wrapper elementor-headline-text-wrapper\">\n\t\t\t\t\t<span class=\"elementor-headline-dynamic-text elementor-headline-text-active\">Contratos<\/span>\n\t\t\t\t<\/span>\n\t\t\t\t<\/h4>\n\t\t\t\t<\/div>\n\t\t\t\t<\/div>\n\t\t\t\t\t\t<\/div>\n\t\t\t\t\t<\/div>\n\t\t<\/div>\n\t\t\t\t\t\t\t\t<\/div>\n\t\t\t\t\t<\/div>\n\t\t<\/section>\n\t\t\t\t<section class=\"elementor-section elementor-top-section elementor-element elementor-element-95744ae elementor-section-boxed elementor-section-height-default elementor-section-height-default\" data-id=\"95744ae\" data-element_type=\"section\">\n\t\t\t\t\t\t<div class=\"elementor-container elementor-column-gap-default\">\n\t\t\t\t\t\t\t<div class=\"elementor-row\">\n\t\t\t\t\t<div class=\"elementor-column elementor-col-100 elementor-top-column elementor-element elementor-element-ccc7869\" data-id=\"ccc7869\" data-element_type=\"column\">\n\t\t\t<div class=\"elementor-column-wrap elementor-element-populated\">\n\t\t\t\t\t\t\t<div class=\"elementor-widget-wrap\">\n\t\t\t\t\t\t<div class=\"elementor-element elementor-element-aabc487 elementor-widget elementor-widget-spacer\" data-id=\"aabc487\" data-element_type=\"widget\" data-widget_type=\"spacer.default\">\n\t\t\t\t<div class=\"elementor-widget-container\">\n\t\t\t\t\t<div class=\"elementor-spacer\">\n\t\t\t<div class=\"elementor-spacer-inner\"><\/div>\n\t\t<\/div>\n\t\t\t\t<\/div>\n\t\t\t\t<\/div>\n\t\t\t\t<div class=\"elementor-element elementor-element-5d9f140 elementor-widget elementor-widget-wpcp-useyourdrive\" data-id=\"5d9f140\" data-element_type=\"widget\" data-widget_type=\"wpcp-useyourdrive.default\">\n\t\t\t\t<div class=\"elementor-widget-container\">\n\t\t\t<div id='UseyourDrive' class=' files  wpcp-has-scroll-to-top' style='display:none'><noscript><div class='UseyourDrive-nojsmessage'>Para visualizar este conte\u00fado, voc\u00ea precisa ter o JavaScript habilitado em seu navegador.<br\/><a href=\"http:\/\/www.enable-javascript.com\/\" target=\"_blank\" rel=\"noopener\">Para fazer isso, siga estas instru\u00e7\u00f5es<\/a>.<\/div><\/noscript><div id='UseyourDrive-18af285cf5c0297d528d47c3cae1fe05' class='wpcp-module UseyourDrive files jsdisabled wpcp-thumb-view' data-list='files' data-token='18af285cf5c0297d528d47c3cae1fe05' data-account-id='117869479987819160079' data-id='' data-path='bnVsbA==' data-source='7ea765e9185ed9b7ee4491063f023124' data-sort='name:asc' data-org-id='' data-org-path='bnVsbA==' data-layout='grid' data-popout='0' data-lightboxnav='1'  data-lightboxthumbs='1' data-query='' data-action='0'><div class=\"list-container\" style=\"width:100%;max-width:100%;\">    <div class=\"nav-header nav-header-has-breadcrumb\">        <a class=\"nav-home entry-info-button\" title=\"Volte para a pasta inicial\" tabindex=\"0\">\r\n            <i class=\"eva eva-home-outline\"><\/i>\r\n        <\/a>\r\n        <div class=\"nav-title\">Carregando...<\/div>\r\n                <a class=\"nav-search entry-info-button\" tabindex=\"0\">\r\n            <i class=\"eva eva-search\"><\/i>\r\n        <\/a>\r\n\r\n        <div class=\"tippy-content-holder search-div\">\r\n            <div class=\"search-icon\"><i class=\"eva eva-search eva-lg\"><\/i><\/div>\r\n            <div class=\"search-remove\"><i class=\"eva eva-close-circle eva-lg\"><\/i><\/div>\r\n            <input name=\"q\" type=\"text\" size=\"40\" aria-label=\"Pesquisar\" placeholder=\"Procurar arquivos\" class=\"search-input\" \/>\r\n        <\/div>\r\n        \r\n        <a class=\"nav-sort entry-info-button\" title=\"Op\u00e7\u00f5es de classifica\u00e7\u00e3o\">\r\n            <i class=\"eva eva-options\"><\/i>\r\n        <\/a>\r\n        <div class=\"tippy-content-holder sort-div\">\r\n            <ul class='nav-sorting-list'>\r\n                <li><a class=\"nav-sorting-field nav-name sort-selected\" data-field=\"name\" title=\"Nome\">\r\n                        Nome                    <\/a>\r\n                <\/li>\r\n                <li><a class=\"nav-sorting-field nav-size \" data-field=\"size\" title=\"Tamanho\">\r\n                        Tamanho                    <\/a>\r\n                <\/li>\r\n                <li><a class=\"nav-sorting-field nav-modified \" data-field=\"modified\" title=\"Modificado\">\r\n                        Modificado                    <\/a>\r\n                <\/li>\r\n                <li><a class=\"nav-sorting-field nav-created \" data-field=\"created\" title=\"Data de cria\u00e7\u00e3o\">\r\n                        Data de cria\u00e7\u00e3o                    <\/a>\r\n                <\/li>\r\n                <li class=\"list-separator\">&nbsp;<\/li>\r\n                <li><a class=\"nav-sorting-order nav-asc sort-selected\" data-order=\"asc\" title=\"Ascendente\">\r\n                        Ascendente                    <\/a>\r\n                <\/li>\r\n                <li><a class=\"nav-sorting-order nav-desc \" data-order=\"desc\" title=\"Descendente\">\r\n                        Descendente                    <\/a>\r\n                <\/li>\r\n            <\/ul>\r\n        <\/div>\r\n\r\n        <a class=\"nav-gear entry-info-button\" title=\"Mais a\u00e7\u00f5es\">\r\n            <i class=\"eva eva-more-vertical-outline\"><\/i>\r\n        <\/a>\r\n        <div class=\"tippy-content-holder gear-div\" data-token=\"18af285cf5c0297d528d47c3cae1fe05\">\r\n            <ul data-id=\"18af285cf5c0297d528d47c3cae1fe05\">\r\n\r\n                                <li style=\"display: none\"><a class=\"nav-layout nav-layout-grid\" title=\"Ver em grade\">\r\n                        <i class=\"eva eva-grid-outline eva-lg\"><\/i>Ver em grade                    <\/a>\r\n                <\/li>\r\n                <li><a class=\"nav-layout nav-layout-list\" title=\"Ver em lista\">\r\n                        <i class=\"eva eva-list-outline eva-lg\"><\/i>Ver em lista                    <\/a>\r\n                <\/li>\r\n                        <li class='gear-menu-no-options' style=\"display: none\"><a><i class='eva eva-info-outline eva-lg'><\/i>Sem op\u00e7\u00f5es...<\/a><\/li>\r\n            <\/ul>\r\n        <\/div>\r\n                        <a class=\"nav-refresh entry-info-button\" title=\"Atualizar\">\r\n                    <i class=\"eva eva-sync\"><\/i>\r\n                <\/a>\r\n                <\/div>    <div class=\"file-container\">\r\n        <div class=\"loading initialize\">            <svg class=\"loader-spinner\" viewBox=\"25 25 50 50\">\r\n                <circle class=\"path\" cx=\"50\" cy=\"50\" r=\"20\" fill=\"none\" stroke-width=\"3\" stroke-miterlimit=\"10\"><\/circle>\r\n            <\/svg>\r\n                    <\/div>\r\n        <div class=\"ajax-filelist\" style=\"\">\r\n            <div class='files'>\r\n                <div class=\"folders-container\"><div class=\"entry folder skeleton-entry\">\r\n    <div class=\"entry_block\">\r\n                <div class=\"entry-info\">\r\n            <div class=\"entry-info-icon skeleton skeleton-icon\"><\/div>\r\n            <div class=\"entry-info-name\"><span class=\"skeleton skeleton-text\"><\/span><\/div>\r\n                    <\/div>\r\n    <\/div>\r\n<\/div>\r\n<div class=\"entry folder skeleton-entry\">\r\n    <div class=\"entry_block\">\r\n                <div class=\"entry-info\">\r\n            <div class=\"entry-info-icon skeleton skeleton-icon\"><\/div>\r\n            <div class=\"entry-info-name\"><span class=\"skeleton skeleton-text\"><\/span><\/div>\r\n                    <\/div>\r\n    <\/div>\r\n<\/div>\r\n<div class=\"entry folder skeleton-entry\">\r\n    <div class=\"entry_block\">\r\n                <div class=\"entry-info\">\r\n            <div class=\"entry-info-icon skeleton skeleton-icon\"><\/div>\r\n            <div class=\"entry-info-name\"><span class=\"skeleton skeleton-text\"><\/span><\/div>\r\n                    <\/div>\r\n    <\/div>\r\n<\/div>\r\n<\/div>\r\n                <div class=\"files-container\"><div class=\"entry file skeleton-entry\">\r\n    <div class=\"entry_block\">\r\n         <div class=\"entry_thumbnail skeleton skeleton-img\"><\/div>        <div class=\"entry-info\">\r\n            <div class=\"entry-info-icon skeleton skeleton-icon\"><\/div>\r\n            <div class=\"entry-info-name\"><span class=\"skeleton skeleton-text\"><\/span><\/div>\r\n                        <div class=\"entry-info-modified-date skeleton skeleton-text-small\"><\/div>\r\n            <div class=\"entry-info-size skeleton skeleton-text-small\"><\/div>\r\n                    <\/div>\r\n    <\/div>\r\n<\/div>\r\n<div class=\"entry file skeleton-entry\">\r\n    <div class=\"entry_block\">\r\n         <div class=\"entry_thumbnail skeleton skeleton-img\"><\/div>        <div class=\"entry-info\">\r\n            <div class=\"entry-info-icon skeleton skeleton-icon\"><\/div>\r\n            <div class=\"entry-info-name\"><span class=\"skeleton skeleton-text\"><\/span><\/div>\r\n                        <div class=\"entry-info-modified-date skeleton skeleton-text-small\"><\/div>\r\n            <div class=\"entry-info-size skeleton skeleton-text-small\"><\/div>\r\n                    <\/div>\r\n    <\/div>\r\n<\/div>\r\n<div class=\"entry file skeleton-entry\">\r\n    <div class=\"entry_block\">\r\n         <div class=\"entry_thumbnail skeleton skeleton-img\"><\/div>        <div class=\"entry-info\">\r\n            <div class=\"entry-info-icon skeleton skeleton-icon\"><\/div>\r\n            <div class=\"entry-info-name\"><span class=\"skeleton skeleton-text\"><\/span><\/div>\r\n                        <div class=\"entry-info-modified-date skeleton skeleton-text-small\"><\/div>\r\n            <div class=\"entry-info-size skeleton skeleton-text-small\"><\/div>\r\n                    <\/div>\r\n    <\/div>\r\n<\/div>\r\n<div class=\"entry file skeleton-entry\">\r\n    <div class=\"entry_block\">\r\n         <div class=\"entry_thumbnail skeleton skeleton-img\"><\/div>        <div class=\"entry-info\">\r\n            <div class=\"entry-info-icon skeleton skeleton-icon\"><\/div>\r\n            <div class=\"entry-info-name\"><span class=\"skeleton skeleton-text\"><\/span><\/div>\r\n                        <div class=\"entry-info-modified-date skeleton skeleton-text-small\"><\/div>\r\n            <div class=\"entry-info-size skeleton skeleton-text-small\"><\/div>\r\n                    <\/div>\r\n    <\/div>\r\n<\/div>\r\n<div class=\"entry file skeleton-entry\">\r\n    <div class=\"entry_block\">\r\n         <div class=\"entry_thumbnail skeleton skeleton-img\"><\/div>        <div class=\"entry-info\">\r\n            <div class=\"entry-info-icon skeleton skeleton-icon\"><\/div>\r\n            <div class=\"entry-info-name\"><span class=\"skeleton skeleton-text\"><\/span><\/div>\r\n                        <div class=\"entry-info-modified-date skeleton skeleton-text-small\"><\/div>\r\n            <div class=\"entry-info-size skeleton skeleton-text-small\"><\/div>\r\n                    <\/div>\r\n    <\/div>\r\n<\/div>\r\n<\/div>\r\n            <\/div>\r\n        <\/div>\r\n        <div class=\"scroll-to-top\">\r\n            <button class=\"scroll-to-top-action button button-round-icon secondary button-round-icon-lg button-shadow-3\" type=\"button\" title=\"Rolar para o Topo\" aria-expanded=\"false\"><i class=\"eva eva-arrow-upward-outline eva-2x\"><\/i><\/button>     \r\n                    <\/div>\r\n    <\/div>\r\n<\/div><\/div><script type='text\/javascript'>if (typeof(jQuery) !== 'undefined' && typeof(jQuery.cp) !== 'undefined' && typeof(jQuery.cp.UseyourDrive) === 'function') { jQuery('#UseyourDrive-18af285cf5c0297d528d47c3cae1fe05').UseyourDrive(UseyourDrive_vars); };<\/script><\/div>\t\t<\/div>\n\t\t\t\t<\/div>\n\t\t\t\t\t\t<\/div>\n\t\t\t\t\t<\/div>\n\t\t<\/div>\n\t\t\t\t\t\t\t\t<\/div>\n\t\t\t\t\t<\/div>\n\t\t<\/section>\n\t\t\t\t\t\t\t\t\t<\/div>\n\t\t\t<\/div>\n\t\t\t\t\t<\/div>\n\t\t","protected":false},"excerpt":{"rendered":"<p>Contratos Para visualizar este conte\u00fado, voc\u00ea precisa ter o JavaScript habilitado em seu navegador.Para fazer isso, siga estas instru\u00e7\u00f5es. Carregando&#8230; Nome Tamanho Modificado Data de cria\u00e7\u00e3o &nbsp; Ascendente Descendente Ver em grade Ver em lista Sem op\u00e7\u00f5es&#8230; &nbsp;<\/p>\n","protected":false},"author":1,"featured_media":952,"parent":0,"menu_order":0,"comment_status":"closed","ping_status":"closed","template":"elementor_header_footer","meta":{"_coblocks_attr":"","_coblocks_dimensions":"","_coblocks_responsive_height":"","_coblocks_accordion_ie_support":""},"_links":{"self":[{"href":"https:\/\/www.perseusdata2.com\/camarahumaita\/wp-json\/wp\/v2\/pages\/165"}],"collection":[{"href":"https:\/\/www.perseusdata2.com\/camarahumaita\/wp-json\/wp\/v2\/pages"}],"about":[{"href":"https:\/\/www.perseusdata2.com\/camarahumaita\/wp-json\/wp\/v2\/types\/page"}],"author":[{"embeddable":true,"href":"https:\/\/www.perseusdata2.com\/camarahumaita\/wp-json\/wp\/v2\/users\/1"}],"replies":[{"embeddable":true,"href":"https:\/\/www.perseusdata2.com\/camarahumaita\/wp-json\/wp\/v2\/comments?post=165"}],"version-history":[{"count":31,"href":"https:\/\/www.perseusdata2.com\/camarahumaita\/wp-json\/wp\/v2\/pages\/165\/revisions"}],"predecessor-version":[{"id":2054,"href":"https:\/\/www.perseusdata2.com\/camarahumaita\/wp-json\/wp\/v2\/pages\/165\/revisions\/2054"}],"wp:featuredmedia":[{"embeddable":true,"href":"https:\/\/www.perseusdata2.com\/camarahumaita\/wp-json\/wp\/v2\/media\/952"}],"wp:attachment":[{"href":"https:\/\/www.perseusdata2.com\/camarahumaita\/wp-json\/wp\/v2\/media?parent=165"}],"curies":[{"name":"wp","href":"https:\/\/api.w.org\/{rel}","templated":true}]}}