{"id":451,"date":"2021-01-17T18:34:14","date_gmt":"2021-01-17T22:34:14","guid":{"rendered":"http:\/\/www.perseusdata2.com\/camarahumaita\/?page_id=451"},"modified":"2021-02-03T14:34:28","modified_gmt":"2021-02-03T18:34:28","slug":"classificacao-de-informacao","status":"publish","type":"page","link":"https:\/\/www.perseusdata2.com\/camarahumaita\/classificacao-de-informacao\/","title":{"rendered":"Classifica\u00e7\u00e3o de Informa\u00e7\u00e3o"},"content":{"rendered":"\t\t<div data-elementor-type=\"wp-page\" data-elementor-id=\"451\" class=\"elementor elementor-451\">\n\t\t\t\t\t\t<div class=\"elementor-inner\">\n\t\t\t\t<div class=\"elementor-section-wrap\">\n\t\t\t\t\t\t\t\t\t<section class=\"elementor-section elementor-top-section elementor-element elementor-element-75c0b05 elementor-section-full_width elementor-section-height-default elementor-section-height-default\" data-id=\"75c0b05\" data-element_type=\"section\">\n\t\t\t\t\t\t<div class=\"elementor-container elementor-column-gap-default\">\n\t\t\t\t\t\t\t<div class=\"elementor-row\">\n\t\t\t\t\t<div class=\"elementor-column elementor-col-66 elementor-top-column elementor-element elementor-element-40477a7\" data-id=\"40477a7\" data-element_type=\"column\">\n\t\t\t<div class=\"elementor-column-wrap\">\n\t\t\t\t\t\t\t<div class=\"elementor-widget-wrap\">\n\t\t\t\t\t\t\t\t<\/div>\n\t\t\t\t\t<\/div>\n\t\t<\/div>\n\t\t\t\t<div class=\"elementor-column elementor-col-33 elementor-top-column elementor-element elementor-element-b3fd750\" data-id=\"b3fd750\" data-element_type=\"column\">\n\t\t\t<div class=\"elementor-column-wrap elementor-element-populated\">\n\t\t\t\t\t\t\t<div class=\"elementor-widget-wrap\">\n\t\t\t\t\t\t<div class=\"elementor-element elementor-element-47228cb elementor-headline--style-highlight elementor-widget elementor-widget-animated-headline\" data-id=\"47228cb\" data-element_type=\"widget\" data-settings=\"{&quot;marker&quot;:&quot;underline&quot;,&quot;highlighted_text&quot;:&quot;Classifica\\u00e7\\u00e3o de Informa\\u00e7\\u00e3o&quot;,&quot;headline_style&quot;:&quot;highlight&quot;,&quot;loop&quot;:&quot;yes&quot;,&quot;highlight_animation_duration&quot;:1200,&quot;highlight_iteration_delay&quot;:8000}\" data-widget_type=\"animated-headline.default\">\n\t\t\t\t<div class=\"elementor-widget-container\">\n\t\t\t\t\t<h4 class=\"elementor-headline\">\n\t\t\t\t<span class=\"elementor-headline-dynamic-wrapper elementor-headline-text-wrapper\">\n\t\t\t\t\t<span class=\"elementor-headline-dynamic-text elementor-headline-text-active\">Classifica\u00e7\u00e3o de Informa\u00e7\u00e3o<\/span>\n\t\t\t\t<\/span>\n\t\t\t\t<\/h4>\n\t\t\t\t<\/div>\n\t\t\t\t<\/div>\n\t\t\t\t\t\t<\/div>\n\t\t\t\t\t<\/div>\n\t\t<\/div>\n\t\t\t\t\t\t\t\t<\/div>\n\t\t\t\t\t<\/div>\n\t\t<\/section>\n\t\t\t\t<section class=\"elementor-section elementor-top-section elementor-element elementor-element-793c510 elementor-section-boxed elementor-section-height-default elementor-section-height-default\" data-id=\"793c510\" data-element_type=\"section\">\n\t\t\t\t\t\t<div class=\"elementor-container elementor-column-gap-default\">\n\t\t\t\t\t\t\t<div class=\"elementor-row\">\n\t\t\t\t\t<div class=\"elementor-column elementor-col-100 elementor-top-column elementor-element elementor-element-08ca5f8\" data-id=\"08ca5f8\" data-element_type=\"column\">\n\t\t\t<div class=\"elementor-column-wrap elementor-element-populated\">\n\t\t\t\t\t\t\t<div class=\"elementor-widget-wrap\">\n\t\t\t\t\t\t<div class=\"elementor-element elementor-element-3c8f4a9 elementor-widget elementor-widget-text-editor\" data-id=\"3c8f4a9\" data-element_type=\"widget\" data-widget_type=\"text-editor.default\">\n\t\t\t\t<div class=\"elementor-widget-container\">\n\t\t\t\t\t\t\t\t<div class=\"elementor-text-editor elementor-clearfix\">\n\t\t\t\t<p>\u00a0<\/p><p>\u00a0<\/p><p>\u00a0<\/p><p><strong>Classifica\u00e7\u00e3o de Informa\u00e7\u00e3o<\/strong><\/p><p>\u00a0<\/p><p>As informa\u00e7\u00f5es classificadas s\u00e3o aquelas cuja divulga\u00e7\u00e3o indiscriminada possa colocar em risco a seguran\u00e7a da sociedade ou do Estado. Por isso, apesar de serem p\u00fablicas, o acesso a elas deve ser restringido por um per\u00edodo determinado.<\/p><p>A Lei de Acesso \u00e0 Informa\u00e7\u00e3o prev\u00ea que tais informa\u00e7\u00f5es podem ser classificadas como reservadas, secretas e ultrassecretas, conforme o risco que sua divulga\u00e7\u00e3o proporcionaria \u00e0 sociedade ou ao Estado.<br \/>De acordo com art. 23 da Lei, pode ser classificada a informa\u00e7\u00e3o que:<\/p><p>a) coloca em risco a defesa e a soberania nacionais ou a integridade do territ\u00f3rio nacional;<br \/>b) prejudica a condu\u00e7\u00e3o de negocia\u00e7\u00f5es ou as rela\u00e7\u00f5es internacionais do Pa\u00eds, ou que tenha sido fornecida em car\u00e1ter sigiloso por outros Estados e organismos internacionais;<br \/>c) coloca em risco a vida, a seguran\u00e7a ou a sa\u00fade da popula\u00e7\u00e3o;<br \/>d) oferece grande risco \u00e0 estabilidade econ\u00f4mica, financeira ou monet\u00e1ria do pa\u00eds;<br \/>e) causa risco a planos ou opera\u00e7\u00f5es estrat\u00e9gicos das For\u00e7as Armadas;<br \/>f) causa risco a projetos de pesquisa e desenvolvimento cient\u00edfico ou tecnol\u00f3gico, ou a sistemas, bens, instala\u00e7\u00f5es ou \u00e1reas de interesse estrat\u00e9gico nacional;<br \/>g) p\u00f5e em risco a seguran\u00e7a de institui\u00e7\u00f5es ou de altas autoridades nacionais ou estrangeiras e seus familiares;<br \/>h) compromete atividades de intelig\u00eancia, de investiga\u00e7\u00e3o ou de fiscaliza\u00e7\u00e3o em andamento, relacionadas com a preven\u00e7\u00e3o ou repress\u00e3o de infra\u00e7\u00f5es.<\/p><p>Para a classifica\u00e7\u00e3o da informa\u00e7\u00e3o em determinado grau de sigilo, dever\u00e1 ser observado o interesse p\u00fablico da informa\u00e7\u00e3o e utilizado o crit\u00e9rio menos restritivo poss\u00edvel, considerando-se a gravidade do risco ou dano \u00e0 seguran\u00e7a da sociedade e do Estado e o prazo m\u00e1ximo de restri\u00e7\u00e3o de acesso ou o evento que defina seu termo final.<\/p><p>O disposto na Lei de Acesso \u00e0 Informa\u00e7\u00e3o n\u00e3o exclui as demais hip\u00f3teses legais de sigilo e de segredo de justi\u00e7a. Tamb\u00e9m n\u00e3o exclui as hip\u00f3teses de segredo industrial decorrentes da explora\u00e7\u00e3o direta de atividade econ\u00f4mica pelo Estado ou por pessoa f\u00edsica ou entidade privada que tenha qualquer v\u00ednculo com o poder p\u00fablico.<\/p><p>Fonte:<\/p><p><a href=\"http:\/\/www.acessoainformacao.gov.br\/assuntos\/lai-nos-estados-municipios\/hipoteses-para-classificacao\/hipoteses-para-classificacao\" target=\"_blank\" rel=\"noopener\">http:\/\/www.acessoainformacao.gov.br\/assuntos\/lai-nos-estados-municipios\/hipoteses-para-classificacao\/hipoteses-para-classificacao<\/a><\/p>\t\t\t\t\t<\/div>\n\t\t\t\t\t\t<\/div>\n\t\t\t\t<\/div>\n\t\t\t\t\t\t<\/div>\n\t\t\t\t\t<\/div>\n\t\t<\/div>\n\t\t\t\t\t\t\t\t<\/div>\n\t\t\t\t\t<\/div>\n\t\t<\/section>\n\t\t\t\t\t\t\t\t\t<\/div>\n\t\t\t<\/div>\n\t\t\t\t\t<\/div>\n\t\t","protected":false},"excerpt":{"rendered":"<p>\u00a0 \u00a0 \u00a0 Classifica\u00e7\u00e3o de Informa\u00e7\u00e3o \u00a0 As informa\u00e7\u00f5es classificadas s\u00e3o aquelas cuja divulga\u00e7\u00e3o indiscriminada possa colocar em risco a seguran\u00e7a da sociedade ou do Estado. Por isso, apesar de serem p\u00fablicas, o acesso a elas deve ser restringido por um per\u00edodo determinado. A Lei de Acesso \u00e0 Informa\u00e7\u00e3o prev\u00ea que tais informa\u00e7\u00f5es podem ser&hellip; <a class=\"more-link\" href=\"https:\/\/www.perseusdata2.com\/camarahumaita\/classificacao-de-informacao\/\">Continuar lendo <span class=\"screen-reader-text\">Classifica\u00e7\u00e3o de Informa\u00e7\u00e3o<\/span><\/a><\/p>\n","protected":false},"author":1,"featured_media":0,"parent":0,"menu_order":0,"comment_status":"closed","ping_status":"closed","template":"elementor_header_footer","meta":{"_coblocks_attr":"","_coblocks_dimensions":"","_coblocks_responsive_height":"","_coblocks_accordion_ie_support":""},"_links":{"self":[{"href":"https:\/\/www.perseusdata2.com\/camarahumaita\/wp-json\/wp\/v2\/pages\/451"}],"collection":[{"href":"https:\/\/www.perseusdata2.com\/camarahumaita\/wp-json\/wp\/v2\/pages"}],"about":[{"href":"https:\/\/www.perseusdata2.com\/camarahumaita\/wp-json\/wp\/v2\/types\/page"}],"author":[{"embeddable":true,"href":"https:\/\/www.perseusdata2.com\/camarahumaita\/wp-json\/wp\/v2\/users\/1"}],"replies":[{"embeddable":true,"href":"https:\/\/www.perseusdata2.com\/camarahumaita\/wp-json\/wp\/v2\/comments?post=451"}],"version-history":[{"count":31,"href":"https:\/\/www.perseusdata2.com\/camarahumaita\/wp-json\/wp\/v2\/pages\/451\/revisions"}],"predecessor-version":[{"id":1048,"href":"https:\/\/www.perseusdata2.com\/camarahumaita\/wp-json\/wp\/v2\/pages\/451\/revisions\/1048"}],"wp:attachment":[{"href":"https:\/\/www.perseusdata2.com\/camarahumaita\/wp-json\/wp\/v2\/media?parent=451"}],"curies":[{"name":"wp","href":"https:\/\/api.w.org\/{rel}","templated":true}]}}