{"id":173,"date":"2021-01-17T09:05:27","date_gmt":"2021-01-17T13:05:27","guid":{"rendered":"http:\/\/www.perseusdata2.com\/camarajurua\/?page_id=173"},"modified":"2021-01-20T17:21:28","modified_gmt":"2021-01-20T21:21:28","slug":"sobre","status":"publish","type":"page","link":"https:\/\/www.perseusdata2.com\/camarajurua\/sobre\/","title":{"rendered":"Sobre"},"content":{"rendered":"\t\t<div data-elementor-type=\"wp-page\" data-elementor-id=\"173\" class=\"elementor elementor-173\">\n\t\t\t\t\t\t<div class=\"elementor-inner\">\n\t\t\t\t<div class=\"elementor-section-wrap\">\n\t\t\t\t\t\t\t\t\t<section class=\"elementor-section elementor-top-section elementor-element elementor-element-9a6e0b7 elementor-section-full_width elementor-section-height-default elementor-section-height-default\" data-id=\"9a6e0b7\" data-element_type=\"section\">\n\t\t\t\t\t\t<div class=\"elementor-container elementor-column-gap-default\">\n\t\t\t\t\t\t\t<div class=\"elementor-row\">\n\t\t\t\t\t<div class=\"elementor-column elementor-col-66 elementor-top-column elementor-element elementor-element-3b43e02\" data-id=\"3b43e02\" data-element_type=\"column\">\n\t\t\t<div class=\"elementor-column-wrap\">\n\t\t\t\t\t\t\t<div class=\"elementor-widget-wrap\">\n\t\t\t\t\t\t\t\t<\/div>\n\t\t\t\t\t<\/div>\n\t\t<\/div>\n\t\t\t\t<div class=\"elementor-column elementor-col-33 elementor-top-column elementor-element elementor-element-9b011e7\" data-id=\"9b011e7\" data-element_type=\"column\">\n\t\t\t<div class=\"elementor-column-wrap elementor-element-populated\">\n\t\t\t\t\t\t\t<div class=\"elementor-widget-wrap\">\n\t\t\t\t\t\t<div class=\"elementor-element elementor-element-ae32406 elementor-headline--style-highlight elementor-widget elementor-widget-animated-headline\" data-id=\"ae32406\" data-element_type=\"widget\" data-settings=\"{&quot;marker&quot;:&quot;underline&quot;,&quot;highlighted_text&quot;:&quot;Sobre&quot;,&quot;headline_style&quot;:&quot;highlight&quot;,&quot;loop&quot;:&quot;yes&quot;,&quot;highlight_animation_duration&quot;:1200,&quot;highlight_iteration_delay&quot;:8000}\" data-widget_type=\"animated-headline.default\">\n\t\t\t\t<div class=\"elementor-widget-container\">\n\t\t\t\t\t<h4 class=\"elementor-headline\">\n\t\t\t\t<span class=\"elementor-headline-dynamic-wrapper elementor-headline-text-wrapper\">\n\t\t\t\t\t<span class=\"elementor-headline-dynamic-text elementor-headline-text-active\">Sobre<\/span>\n\t\t\t\t<\/span>\n\t\t\t\t<\/h4>\n\t\t\t\t<\/div>\n\t\t\t\t<\/div>\n\t\t\t\t\t\t<\/div>\n\t\t\t\t\t<\/div>\n\t\t<\/div>\n\t\t\t\t\t\t\t\t<\/div>\n\t\t\t\t\t<\/div>\n\t\t<\/section>\n\t\t\t\t<section class=\"elementor-section elementor-top-section elementor-element elementor-element-f4edd68 elementor-section-boxed elementor-section-height-default elementor-section-height-default\" data-id=\"f4edd68\" data-element_type=\"section\">\n\t\t\t\t\t\t<div class=\"elementor-container elementor-column-gap-default\">\n\t\t\t\t\t\t\t<div class=\"elementor-row\">\n\t\t\t\t\t<div class=\"elementor-column elementor-col-100 elementor-top-column elementor-element elementor-element-5228cc0\" data-id=\"5228cc0\" data-element_type=\"column\">\n\t\t\t<div class=\"elementor-column-wrap elementor-element-populated\">\n\t\t\t\t\t\t\t<div class=\"elementor-widget-wrap\">\n\t\t\t\t\t\t<div class=\"elementor-element elementor-element-92838e6 elementor-widget elementor-widget-text-editor\" data-id=\"92838e6\" data-element_type=\"widget\" data-widget_type=\"text-editor.default\">\n\t\t\t\t<div class=\"elementor-widget-container\">\n\t\t\t\t\t\t\t\t<div class=\"elementor-text-editor elementor-clearfix\">\n\t\t\t\t<p>\u00a0<\/p><p>O\u00a0<strong>Portal da Transpar\u00eancia <\/strong>disponibiliza as informa\u00e7\u00f5es em tempo real tanto das informa\u00e7\u00f5es or\u00e7ament\u00e1rias como as publica\u00e7\u00f5es de atos. Estamos estruturados para fornecer nossas informa\u00e7\u00f5es de forma initerrupta com redund\u00e2ncia na hospedagem dos dados. As amostragens dos dados seguem de um espelhamento para garantir a seguran\u00e7a das informa\u00e7\u00f5es dessa maneira garantindo a n\u00e3o exposi\u00e7\u00e3o dos computadores servidores. Nosso Portal constitui sistema de backup integral local e remoto de todas as informa\u00e7\u00f5es aqui contidas.<\/p><p>\u00a0<\/p><p>\u00a0<\/p>\t\t\t\t\t<\/div>\n\t\t\t\t\t\t<\/div>\n\t\t\t\t<\/div>\n\t\t\t\t\t\t<\/div>\n\t\t\t\t\t<\/div>\n\t\t<\/div>\n\t\t\t\t\t\t\t\t<\/div>\n\t\t\t\t\t<\/div>\n\t\t<\/section>\n\t\t\t\t<section class=\"elementor-section elementor-top-section elementor-element elementor-element-2faeeec elementor-section-boxed elementor-section-height-default elementor-section-height-default\" data-id=\"2faeeec\" data-element_type=\"section\">\n\t\t\t\t\t\t<div class=\"elementor-container elementor-column-gap-default\">\n\t\t\t\t\t\t\t<div class=\"elementor-row\">\n\t\t\t\t\t<div class=\"elementor-column elementor-col-100 elementor-top-column elementor-element elementor-element-b5d90e0\" data-id=\"b5d90e0\" data-element_type=\"column\">\n\t\t\t<div class=\"elementor-column-wrap elementor-element-populated\">\n\t\t\t\t\t\t\t<div class=\"elementor-widget-wrap\">\n\t\t\t\t\t\t<div class=\"elementor-element elementor-element-5d79e71 elementor-widget elementor-widget-sitemap\" data-id=\"5d79e71\" data-element_type=\"widget\" data-widget_type=\"sitemap.default\">\n\t\t\t\t<div class=\"elementor-widget-container\">\n\t\t\t<div class=\"elementor-sitemap-wrap\"><div class=\"elementor-sitemap-section\"><h4 class=\"elementor-sitemap-title elementor-sitemap-page-title\">Mapa do Site<\/h4><ul class=\"elementor-sitemap-list elementor-sitemap-page-list\"><li class=\"elementor-sitemap-item elementor-sitemap-item-page page_item page-item-1788\"><a rel=\"nofollow\" href=\"https:\/\/www.perseusdata2.com\/camarajurua\/legislacao\/\">Legisla\u00e7\u00e3o<\/a><\/li><li class=\"elementor-sitemap-item elementor-sitemap-item-page page_item page-item-1708\"><a rel=\"nofollow\" href=\"https:\/\/www.perseusdata2.com\/camarajurua\/graficos\/\">graficos<\/a><\/li><li class=\"elementor-sitemap-item elementor-sitemap-item-page page_item page-item-1068\"><a rel=\"nofollow\" href=\"https:\/\/www.perseusdata2.com\/camarajurua\/contato\/\">Contato<\/a><\/li><li class=\"elementor-sitemap-item elementor-sitemap-item-page page_item page-item-643\"><a rel=\"nofollow\" href=\"https:\/\/www.perseusdata2.com\/camarajurua\/suporte-e-sic\/\">Suporte e-SIC<\/a><\/li><li class=\"elementor-sitemap-item elementor-sitemap-item-page page_item page-item-524\"><a rel=\"nofollow\" href=\"https:\/\/www.perseusdata2.com\/camarajurua\/covid-19\/\">Covid-19<\/a><\/li><li class=\"elementor-sitemap-item elementor-sitemap-item-page page_item page-item-451\"><a rel=\"nofollow\" href=\"https:\/\/www.perseusdata2.com\/camarajurua\/classificacao-de-informacao\/\">Classifica\u00e7\u00e3o de Informa\u00e7\u00e3o<\/a><\/li><li class=\"elementor-sitemap-item elementor-sitemap-item-page page_item page-item-282\"><a rel=\"nofollow\" href=\"https:\/\/www.perseusdata2.com\/camarajurua\/\">Transpar\u00eancia<\/a><\/li><li class=\"elementor-sitemap-item elementor-sitemap-item-page page_item page-item-193\"><a rel=\"nofollow\" href=\"https:\/\/www.perseusdata2.com\/camarajurua\/e-sic\/\">e-SIC<\/a><\/li><li class=\"elementor-sitemap-item elementor-sitemap-item-page page_item page-item-189\"><a rel=\"nofollow\" href=\"https:\/\/www.perseusdata2.com\/camarajurua\/etapas-da-licitacao\/\">Etapas da Licita\u00e7\u00e3o<\/a><\/li><li class=\"elementor-sitemap-item elementor-sitemap-item-page page_item page-item-187\"><a rel=\"nofollow\" href=\"https:\/\/www.perseusdata2.com\/camarajurua\/responsabilidade-fiscal\/\">Responsabilidade Fiscal<\/a><\/li><li class=\"elementor-sitemap-item elementor-sitemap-item-page page_item page-item-185\"><a rel=\"nofollow\" href=\"https:\/\/www.perseusdata2.com\/camarajurua\/balancetes\/\">Balancetes<\/a><\/li><li class=\"elementor-sitemap-item elementor-sitemap-item-page page_item page-item-183\"><a rel=\"nofollow\" href=\"https:\/\/www.perseusdata2.com\/camarajurua\/balanco\/\">Balan\u00e7o<\/a><\/li><li class=\"elementor-sitemap-item elementor-sitemap-item-page page_item page-item-181\"><a rel=\"nofollow\" href=\"https:\/\/www.perseusdata2.com\/camarajurua\/auditorias\/\">Auditorias<\/a><\/li><li class=\"elementor-sitemap-item elementor-sitemap-item-page page_item page-item-179\"><a rel=\"nofollow\" href=\"https:\/\/www.perseusdata2.com\/camarajurua\/organizacional\/\">Organizacional<\/a><\/li><li class=\"elementor-sitemap-item elementor-sitemap-item-page page_item page-item-177\"><a rel=\"nofollow\" href=\"https:\/\/www.perseusdata2.com\/camarajurua\/servidores\/\">Servidores<\/a><\/li><li class=\"elementor-sitemap-item elementor-sitemap-item-page page_item page-item-175\"><a rel=\"nofollow\" href=\"https:\/\/www.perseusdata2.com\/camarajurua\/diarias\/\">Di\u00e1rias<\/a><\/li><li class=\"elementor-sitemap-item elementor-sitemap-item-page page_item page-item-173\"><a rel=\"nofollow\" href=\"https:\/\/www.perseusdata2.com\/camarajurua\/sobre\/\">Sobre<\/a><\/li><li class=\"elementor-sitemap-item elementor-sitemap-item-page page_item page-item-171\"><a rel=\"nofollow\" href=\"https:\/\/www.perseusdata2.com\/camarajurua\/glossario\/\">Gloss\u00e1rio<\/a><\/li><li class=\"elementor-sitemap-item elementor-sitemap-item-page page_item page-item-169\"><a rel=\"nofollow\" href=\"https:\/\/www.perseusdata2.com\/camarajurua\/duvidas\/\">D\u00favidas<\/a><\/li><li class=\"elementor-sitemap-item elementor-sitemap-item-page page_item page-item-167\"><a rel=\"nofollow\" href=\"https:\/\/www.perseusdata2.com\/camarajurua\/publicacoes\/\">Publica\u00e7\u00f5es<\/a><\/li><li class=\"elementor-sitemap-item elementor-sitemap-item-page page_item page-item-165\"><a rel=\"nofollow\" href=\"https:\/\/www.perseusdata2.com\/camarajurua\/contratos\/\">Contratos<\/a><\/li><li class=\"elementor-sitemap-item elementor-sitemap-item-page page_item page-item-163\"><a rel=\"nofollow\" href=\"https:\/\/www.perseusdata2.com\/camarajurua\/licitacoes\/\">Licita\u00e7\u00f5es<\/a><\/li><li class=\"elementor-sitemap-item elementor-sitemap-item-page page_item page-item-161\"><a rel=\"nofollow\" href=\"https:\/\/www.perseusdata2.com\/camarajurua\/receitas\/\">Receitas<\/a><\/li><li class=\"elementor-sitemap-item elementor-sitemap-item-page page_item page-item-159\"><a rel=\"nofollow\" href=\"https:\/\/www.perseusdata2.com\/camarajurua\/despesas\/\">Despesas<\/a><\/li><\/ul><\/div><\/div>\t\t<\/div>\n\t\t\t\t<\/div>\n\t\t\t\t\t\t<\/div>\n\t\t\t\t\t<\/div>\n\t\t<\/div>\n\t\t\t\t\t\t\t\t<\/div>\n\t\t\t\t\t<\/div>\n\t\t<\/section>\n\t\t\t\t\t\t\t\t\t<\/div>\n\t\t\t<\/div>\n\t\t\t\t\t<\/div>\n\t\t","protected":false},"excerpt":{"rendered":"<p>\u00a0 O\u00a0Portal da Transpar\u00eancia disponibiliza as informa\u00e7\u00f5es em tempo real tanto das informa\u00e7\u00f5es or\u00e7ament\u00e1rias como as publica\u00e7\u00f5es de atos. Estamos estruturados para fornecer nossas informa\u00e7\u00f5es de forma initerrupta com redund\u00e2ncia na hospedagem dos dados. As amostragens dos dados seguem de um espelhamento para garantir a seguran\u00e7a das informa\u00e7\u00f5es dessa maneira garantindo a n\u00e3o exposi\u00e7\u00e3o dos&hellip; <a class=\"more-link\" href=\"https:\/\/www.perseusdata2.com\/camarajurua\/sobre\/\">Continuar lendo <span class=\"screen-reader-text\">Sobre<\/span><\/a><\/p>\n","protected":false},"author":1,"featured_media":0,"parent":0,"menu_order":0,"comment_status":"closed","ping_status":"closed","template":"elementor_header_footer","meta":{"_coblocks_attr":"","_coblocks_dimensions":"","_coblocks_responsive_height":"","_coblocks_accordion_ie_support":""},"_links":{"self":[{"href":"https:\/\/www.perseusdata2.com\/camarajurua\/wp-json\/wp\/v2\/pages\/173"}],"collection":[{"href":"https:\/\/www.perseusdata2.com\/camarajurua\/wp-json\/wp\/v2\/pages"}],"about":[{"href":"https:\/\/www.perseusdata2.com\/camarajurua\/wp-json\/wp\/v2\/types\/page"}],"author":[{"embeddable":true,"href":"https:\/\/www.perseusdata2.com\/camarajurua\/wp-json\/wp\/v2\/users\/1"}],"replies":[{"embeddable":true,"href":"https:\/\/www.perseusdata2.com\/camarajurua\/wp-json\/wp\/v2\/comments?post=173"}],"version-history":[{"count":25,"href":"https:\/\/www.perseusdata2.com\/camarajurua\/wp-json\/wp\/v2\/pages\/173\/revisions"}],"predecessor-version":[{"id":1054,"href":"https:\/\/www.perseusdata2.com\/camarajurua\/wp-json\/wp\/v2\/pages\/173\/revisions\/1054"}],"wp:attachment":[{"href":"https:\/\/www.perseusdata2.com\/camarajurua\/wp-json\/wp\/v2\/media?parent=173"}],"curies":[{"name":"wp","href":"https:\/\/api.w.org\/{rel}","templated":true}]}}