{"id":2024,"date":"2024-05-15T16:56:11","date_gmt":"2024-05-15T20:56:11","guid":{"rendered":"https:\/\/www.perseusdata2.com\/camaratefe\/?page_id=2024"},"modified":"2024-05-15T16:59:32","modified_gmt":"2024-05-15T20:59:32","slug":"concursos-e-selecoes-publicas","status":"publish","type":"page","link":"https:\/\/www.perseusdata2.com\/camaratefe\/concursos-e-selecoes-publicas\/","title":{"rendered":"Concursos e Sele\u00e7\u00f5es P\u00fablicas"},"content":{"rendered":"\t\t<div data-elementor-type=\"wp-page\" data-elementor-id=\"2024\" class=\"elementor elementor-2024\">\n\t\t\t\t\t\t<div class=\"elementor-inner\">\n\t\t\t\t<div class=\"elementor-section-wrap\">\n\t\t\t\t\t\t\t\t\t<section class=\"elementor-section elementor-top-section elementor-element elementor-element-c990be9 elementor-section-full_width elementor-section-height-default elementor-section-height-default\" data-id=\"c990be9\" data-element_type=\"section\">\n\t\t\t\t\t\t<div class=\"elementor-container elementor-column-gap-default\">\n\t\t\t\t\t\t\t<div class=\"elementor-row\">\n\t\t\t\t\t<div class=\"elementor-column elementor-col-100 elementor-top-column elementor-element elementor-element-fb27ea8\" data-id=\"fb27ea8\" data-element_type=\"column\">\n\t\t\t<div class=\"elementor-column-wrap elementor-element-populated\">\n\t\t\t\t\t\t\t<div class=\"elementor-widget-wrap\">\n\t\t\t\t\t\t<div class=\"elementor-element elementor-element-b9a5011 elementor-widget elementor-widget-text-editor\" data-id=\"b9a5011\" data-element_type=\"widget\" data-widget_type=\"text-editor.default\">\n\t\t\t\t<div class=\"elementor-widget-container\">\n\t\t\t\t\t\t\t\t<div class=\"elementor-text-editor elementor-clearfix\">\n\t\t\t\t<p>&#8220;<span style=\"color: #000000;\">Esta C\u00e2mara Municipal n\u00e3o realizou editais ou atos de concursos e\/ou sele\u00e7\u00f5es p\u00fablicas entre os anos de 2021 at\u00e9 a presente data&#8221;. <\/span><\/p><p><span style=\"color: #000000;\">Atualizado em 15 de maio de 2024.<\/span><\/p>\t\t\t\t\t<\/div>\n\t\t\t\t\t\t<\/div>\n\t\t\t\t<\/div>\n\t\t\t\t\t\t<\/div>\n\t\t\t\t\t<\/div>\n\t\t<\/div>\n\t\t\t\t\t\t\t\t<\/div>\n\t\t\t\t\t<\/div>\n\t\t<\/section>\n\t\t\t\t\t\t\t\t\t<\/div>\n\t\t\t<\/div>\n\t\t\t\t\t<\/div>\n\t\t","protected":false},"excerpt":{"rendered":"<p>&#8220;Esta C\u00e2mara Municipal n\u00e3o realizou editais ou atos de concursos e\/ou sele\u00e7\u00f5es p\u00fablicas entre os anos de 2021 at\u00e9 a presente data&#8221;. Atualizado em 15 de maio de 2024.<\/p>\n","protected":false},"author":1,"featured_media":0,"parent":0,"menu_order":0,"comment_status":"closed","ping_status":"closed","template":"","meta":{"_coblocks_attr":"","_coblocks_dimensions":"","_coblocks_responsive_height":"","_coblocks_accordion_ie_support":""},"_links":{"self":[{"href":"https:\/\/www.perseusdata2.com\/camaratefe\/wp-json\/wp\/v2\/pages\/2024"}],"collection":[{"href":"https:\/\/www.perseusdata2.com\/camaratefe\/wp-json\/wp\/v2\/pages"}],"about":[{"href":"https:\/\/www.perseusdata2.com\/camaratefe\/wp-json\/wp\/v2\/types\/page"}],"author":[{"embeddable":true,"href":"https:\/\/www.perseusdata2.com\/camaratefe\/wp-json\/wp\/v2\/users\/1"}],"replies":[{"embeddable":true,"href":"https:\/\/www.perseusdata2.com\/camaratefe\/wp-json\/wp\/v2\/comments?post=2024"}],"version-history":[{"count":7,"href":"https:\/\/www.perseusdata2.com\/camaratefe\/wp-json\/wp\/v2\/pages\/2024\/revisions"}],"predecessor-version":[{"id":2031,"href":"https:\/\/www.perseusdata2.com\/camaratefe\/wp-json\/wp\/v2\/pages\/2024\/revisions\/2031"}],"wp:attachment":[{"href":"https:\/\/www.perseusdata2.com\/camaratefe\/wp-json\/wp\/v2\/media?parent=2024"}],"curies":[{"name":"wp","href":"https:\/\/api.w.org\/{rel}","templated":true}]}}