{"id":161,"date":"2021-01-17T09:02:35","date_gmt":"2021-01-17T13:02:35","guid":{"rendered":"http:\/\/www.perseusdata2.com\/imtrans\/?page_id=161"},"modified":"2025-08-04T09:16:38","modified_gmt":"2025-08-04T13:16:38","slug":"receitas","status":"publish","type":"page","link":"https:\/\/www.perseusdata2.com\/imtrans\/receitas\/","title":{"rendered":"Receitas"},"content":{"rendered":"\t\t<div data-elementor-type=\"wp-page\" data-elementor-id=\"161\" class=\"elementor elementor-161\">\n\t\t\t\t\t\t<div class=\"elementor-inner\">\n\t\t\t\t<div class=\"elementor-section-wrap\">\n\t\t\t\t\t\t\t\t\t<section class=\"elementor-section elementor-top-section elementor-element elementor-element-ea1bf88 elementor-section-full_width elementor-section-height-default elementor-section-height-default\" data-id=\"ea1bf88\" data-element_type=\"section\">\n\t\t\t\t\t\t<div class=\"elementor-container elementor-column-gap-default\">\n\t\t\t\t\t\t\t<div class=\"elementor-row\">\n\t\t\t\t\t<div class=\"elementor-column elementor-col-66 elementor-top-column elementor-element elementor-element-3e36988\" data-id=\"3e36988\" data-element_type=\"column\">\n\t\t\t<div class=\"elementor-column-wrap\">\n\t\t\t\t\t\t\t<div class=\"elementor-widget-wrap\">\n\t\t\t\t\t\t\t\t<\/div>\n\t\t\t\t\t<\/div>\n\t\t<\/div>\n\t\t\t\t<div class=\"elementor-column elementor-col-33 elementor-top-column elementor-element elementor-element-ef703c7\" data-id=\"ef703c7\" data-element_type=\"column\">\n\t\t\t<div class=\"elementor-column-wrap elementor-element-populated\">\n\t\t\t\t\t\t\t<div class=\"elementor-widget-wrap\">\n\t\t\t\t\t\t<div class=\"elementor-element elementor-element-3504ebd elementor-headline--style-highlight elementor-widget elementor-widget-animated-headline\" data-id=\"3504ebd\" data-element_type=\"widget\" data-settings=\"{&quot;marker&quot;:&quot;underline&quot;,&quot;highlighted_text&quot;:&quot;Receitas&quot;,&quot;headline_style&quot;:&quot;highlight&quot;,&quot;loop&quot;:&quot;yes&quot;,&quot;highlight_animation_duration&quot;:1200,&quot;highlight_iteration_delay&quot;:8000}\" data-widget_type=\"animated-headline.default\">\n\t\t\t\t<div class=\"elementor-widget-container\">\n\t\t\t\t\t<h4 class=\"elementor-headline\">\n\t\t\t\t<span class=\"elementor-headline-dynamic-wrapper elementor-headline-text-wrapper\">\n\t\t\t\t\t<span class=\"elementor-headline-dynamic-text elementor-headline-text-active\">Receitas<\/span>\n\t\t\t\t<\/span>\n\t\t\t\t<\/h4>\n\t\t\t\t<\/div>\n\t\t\t\t<\/div>\n\t\t\t\t\t\t<\/div>\n\t\t\t\t\t<\/div>\n\t\t<\/div>\n\t\t\t\t\t\t\t\t<\/div>\n\t\t\t\t\t<\/div>\n\t\t<\/section>\n\t\t\t\t<section class=\"elementor-section elementor-top-section elementor-element elementor-element-ef83926 elementor-section-boxed elementor-section-height-default elementor-section-height-default\" data-id=\"ef83926\" data-element_type=\"section\">\n\t\t\t\t\t\t<div class=\"elementor-container elementor-column-gap-default\">\n\t\t\t\t\t\t\t<div class=\"elementor-row\">\n\t\t\t\t\t<div class=\"elementor-column elementor-col-100 elementor-top-column elementor-element elementor-element-73bb139\" data-id=\"73bb139\" data-element_type=\"column\">\n\t\t\t<div class=\"elementor-column-wrap\">\n\t\t\t\t\t\t\t<div class=\"elementor-widget-wrap\">\n\t\t\t\t\t\t\t\t<\/div>\n\t\t\t\t\t<\/div>\n\t\t<\/div>\n\t\t\t\t\t\t\t\t<\/div>\n\t\t\t\t\t<\/div>\n\t\t<\/section>\n\t\t\t\t<section class=\"elementor-section elementor-top-section elementor-element elementor-element-f214c7b elementor-section-full_width elementor-section-height-default elementor-section-height-default\" data-id=\"f214c7b\" data-element_type=\"section\">\n\t\t\t\t\t\t<div class=\"elementor-container elementor-column-gap-default\">\n\t\t\t\t\t\t\t<div class=\"elementor-row\">\n\t\t\t\t\t<div class=\"elementor-column elementor-col-100 elementor-top-column elementor-element elementor-element-9e5466b\" data-id=\"9e5466b\" data-element_type=\"column\">\n\t\t\t<div class=\"elementor-column-wrap elementor-element-populated\">\n\t\t\t\t\t\t\t<div class=\"elementor-widget-wrap\">\n\t\t\t\t\t\t<div class=\"elementor-element elementor-element-3cff8ea elementor-tabs-view-horizontal elementor-widget elementor-widget-tabs\" data-id=\"3cff8ea\" data-element_type=\"widget\" data-widget_type=\"tabs.default\">\n\t\t\t\t<div class=\"elementor-widget-container\">\n\t\t\t\t\t<div class=\"elementor-tabs\">\n\t\t\t<div class=\"elementor-tabs-wrapper\" role=\"tablist\" >\n\t\t\t\t\t\t\t\t\t<div id=\"elementor-tab-title-6391\" class=\"elementor-tab-title elementor-tab-desktop-title\" aria-selected=\"true\" data-tab=\"1\" role=\"tab\" tabindex=\"0\" aria-controls=\"elementor-tab-content-6391\" aria-expanded=\"false\"><a href=\"\">Or\u00e7ament\u00e1ria<\/a><\/div>\n\t\t\t\t\t\t\t\t\t<div id=\"elementor-tab-title-6392\" class=\"elementor-tab-title elementor-tab-desktop-title\" aria-selected=\"false\" data-tab=\"2\" role=\"tab\" tabindex=\"-1\" aria-controls=\"elementor-tab-content-6392\" aria-expanded=\"false\"><a href=\"\">Extra Or\u00e7ament\u00e1ria<\/a><\/div>\n\t\t\t\t\t\t\t<\/div>\n\t\t\t<div class=\"elementor-tabs-content-wrapper\" role=\"tablist\" aria-orientation=\"vertical\">\n\t\t\t\t\t\t\t\t\t<div class=\"elementor-tab-title elementor-tab-mobile-title\" aria-selected=\"true\" data-tab=\"1\" role=\"tab\" tabindex=\"0\" aria-controls=\"elementor-tab-content-6391\" aria-expanded=\"false\">Or\u00e7ament\u00e1ria<\/div>\n\t\t\t\t\t<div id=\"elementor-tab-content-6391\" class=\"elementor-tab-content elementor-clearfix\" data-tab=\"1\" role=\"tabpanel\" aria-labelledby=\"elementor-tab-title-6391\" tabindex=\"0\" hidden=\"false\"><p><div class=\"responsive-tabs\">\n<h2 class=\"tabtitle\">2017<\/h2>\n<div class=\"tabcontent\">\n<br \/>\n<!-- iframe plugin v.4.9 wordpress.org\/plugins\/iframe\/ -->\n<iframe loading=\"lazy\" src=\"https:\/\/www.perseusdata2.com\/imtrans\/2017\/ReceitaOrcamentaria2017.php\" height=\"1550\" scrolling=\"yes\" width=\"100%\" class=\"iframe-class\" frameborder=\"0\"><\/iframe>\n<\/p><p>\n<\/div><h2 class=\"tabtitle\">2018<\/h2>\n<div class=\"tabcontent\">\n<br \/>\n<!-- iframe plugin v.4.9 wordpress.org\/plugins\/iframe\/ -->\n<iframe loading=\"lazy\" src=\"https:\/\/www.perseusdata2.com\/imtrans\/2018\/ReceitaOrcamentaria2018.php\" height=\"1550\" scrolling=\"yes\" width=\"100%\" class=\"iframe-class\" frameborder=\"0\"><\/iframe>\n<\/p><p>\n<\/div><h2 class=\"tabtitle\">2019<\/h2>\n<div class=\"tabcontent\">\n<br \/>\n<!-- iframe plugin v.4.9 wordpress.org\/plugins\/iframe\/ -->\n<iframe loading=\"lazy\" src=\"https:\/\/www.perseusdata2.com\/imtrans\/2019\/ro_list.php\" height=\"1550\" scrolling=\"yes\" width=\"100%\" class=\"iframe-class\" frameborder=\"0\"><\/iframe>\n<br \/>\n<\/div><h2 class=\"tabtitle\">2020<\/h2>\n<div class=\"tabcontent\">\n<br \/>\n<!-- iframe plugin v.4.9 wordpress.org\/plugins\/iframe\/ -->\n<iframe loading=\"lazy\" src=\"https:\/\/www.perseusdata2.com\/imtrans\/2020\/ro_list.php\" height=\"1550\" scrolling=\"yes\" width=\"100%\" class=\"iframe-class\" frameborder=\"0\"><\/iframe>\n<\/p><p>\n<\/div><h2 class=\"tabtitle\">2021<\/h2>\n<div class=\"tabcontent\">\n<br \/>\n<!-- iframe plugin v.4.9 wordpress.org\/plugins\/iframe\/ -->\n<iframe loading=\"lazy\" src=\"https:\/\/www.perseusdata2.com\/imtrans\/2021\/grid_ro\" height=\"1000\" scrolling=\"yes\" width=\"100%\" class=\"iframe-class\" frameborder=\"0\"><\/iframe>\n<\/p><p>Repasses<\/p>\n<!-- iframe plugin v.4.9 wordpress.org\/plugins\/iframe\/ -->\n<iframe loading=\"lazy\" src=\"https:\/\/www.perseusdata2.com\/imtrans\/2021\/grid_repasse\" height=\"1000\" scrolling=\"yes\" width=\"100%\" class=\"iframe-class\" frameborder=\"0\"><\/iframe>\n<p>\n<\/div><h2 class=\"tabtitle\">2022<\/h2>\n<div class=\"tabcontent\">\n<br \/>\n<!-- iframe plugin v.4.9 wordpress.org\/plugins\/iframe\/ -->\n<iframe loading=\"lazy\" src=\"https:\/\/www.perseusdata2.com\/imtrans\/2021\/grid_ro22\" height=\"1000\" scrolling=\"yes\" width=\"100%\" class=\"iframe-class\" frameborder=\"0\"><\/iframe>\n<\/p><p>Repasses<\/p>\n<!-- iframe plugin v.4.9 wordpress.org\/plugins\/iframe\/ -->\n<iframe loading=\"lazy\" src=\"https:\/\/www.perseusdata2.com\/imtrans\/2021\/grid_repasse22\" height=\"1000\" scrolling=\"yes\" width=\"100%\" class=\"iframe-class\" frameborder=\"0\"><\/iframe>\n\n<\/div><h2 class=\"tabtitle\">2023<\/h2>\n<div class=\"tabcontent\">\n\n<!-- iframe plugin v.4.9 wordpress.org\/plugins\/iframe\/ -->\n<iframe loading=\"lazy\" src=\"https:\/\/www.perseusdata2.com\/imtrans\/2023\/repasse_list.php\" height=\"1000\" scrolling=\"yes\" width=\"100%\" class=\"iframe-class\" frameborder=\"0\"><\/iframe>\n\n<\/div><h2 class=\"tabtitle\">2024<\/h2>\n<div class=\"tabcontent\">\n\n<!-- iframe plugin v.4.9 wordpress.org\/plugins\/iframe\/ -->\n<iframe loading=\"lazy\" src=\"https:\/\/www.perseusdata2.com\/imtrans\/2024\/repasse_list.php\" height=\"1000\" scrolling=\"yes\" width=\"100%\" class=\"iframe-class\" frameborder=\"0\"><\/iframe>\n\n<\/div><h2 class=\"tabtitle\">2025<\/h2>\n<div class=\"tabcontent\">\n\n<!-- iframe plugin v.4.9 wordpress.org\/plugins\/iframe\/ -->\n<iframe loading=\"lazy\" src=\"https:\/\/perseusdata.cloud\/imtransmanacapuru\/2025\/portaldatagrid\/index.php?table=RECEITALANCADA\" height=\"1000\" scrolling=\"yes\" width=\"100%\" class=\"iframe-class\" frameborder=\"0\"><\/iframe>\n<p>\u00a0<\/p><\/div><\/div><\/div>\n\t\t\t\t\t\t\t\t\t<div class=\"elementor-tab-title elementor-tab-mobile-title\" aria-selected=\"false\" data-tab=\"2\" role=\"tab\" tabindex=\"-1\" aria-controls=\"elementor-tab-content-6392\" aria-expanded=\"false\">Extra Or\u00e7ament\u00e1ria<\/div>\n\t\t\t\t\t<div id=\"elementor-tab-content-6392\" class=\"elementor-tab-content elementor-clearfix\" data-tab=\"2\" role=\"tabpanel\" aria-labelledby=\"elementor-tab-title-6392\" tabindex=\"0\" hidden=\"hidden\"><p><div class=\"responsive-tabs\">\n<h2 class=\"tabtitle\">2017<\/h2>\n<div class=\"tabcontent\">\n<br \/>\n<!-- iframe plugin v.4.9 wordpress.org\/plugins\/iframe\/ -->\n<iframe loading=\"lazy\" src=\"https:\/\/www.perseusdata2.com\/imtrans\/2017\/ReceitaExtraOrcamentaria2017.php\" height=\"1550\" scrolling=\"yes\" width=\"100%\" class=\"iframe-class\" frameborder=\"0\"><\/iframe>\n<\/p><p>\n<\/div><h2 class=\"tabtitle\">2018<\/h2>\n<div class=\"tabcontent\">\n<br \/>\n<!-- iframe plugin v.4.9 wordpress.org\/plugins\/iframe\/ -->\n<iframe loading=\"lazy\" src=\"https:\/\/www.perseusdata2.com\/imtrans\/2018\/ReceitaExtraOrcamentaria2018.php\" height=\"1550\" scrolling=\"yes\" width=\"100%\" class=\"iframe-class\" frameborder=\"0\"><\/iframe>\n<\/p><p>\n<\/div><h2 class=\"tabtitle\">2019<\/h2>\n<div class=\"tabcontent\">\n<br \/>\n<!-- iframe plugin v.4.9 wordpress.org\/plugins\/iframe\/ -->\n<iframe loading=\"lazy\" src=\"https:\/\/www.perseusdata2.com\/imtrans\/2019\/reo_list.php\" height=\"1550\" scrolling=\"yes\" width=\"100%\" class=\"iframe-class\" frameborder=\"0\"><\/iframe>\n<br \/>\n<\/div><h2 class=\"tabtitle\">2020<\/h2>\n<div class=\"tabcontent\">\n<br \/>\n<!-- iframe plugin v.4.9 wordpress.org\/plugins\/iframe\/ -->\n<iframe loading=\"lazy\" src=\"https:\/\/www.perseusdata2.com\/imtrans\/2020\/reo_list.php\" height=\"1550\" scrolling=\"yes\" width=\"100%\" class=\"iframe-class\" frameborder=\"0\"><\/iframe>\n<\/p><p>\n<\/div><h2 class=\"tabtitle\">2021<\/h2>\n<div class=\"tabcontent\">\n<br \/>\n<!-- iframe plugin v.4.9 wordpress.org\/plugins\/iframe\/ -->\n<iframe loading=\"lazy\" src=\"https:\/\/www.perseusdata2.com\/imtrans\/2021\/grid_reo\" height=\"1550\" scrolling=\"yes\" width=\"100%\" class=\"iframe-class\" frameborder=\"0\"><\/iframe>\n<\/p><p>\n<\/div><h2 class=\"tabtitle\">2022<\/h2>\n<div class=\"tabcontent\">\n<br \/>\n<!-- iframe plugin v.4.9 wordpress.org\/plugins\/iframe\/ -->\n<iframe loading=\"lazy\" src=\"https:\/\/www.perseusdata2.com\/imtrans\/2021\/grid_reo22\" height=\"1550\" scrolling=\"yes\" width=\"100%\" class=\"iframe-class\" frameborder=\"0\"><\/iframe>\n<\/p><p>\n<\/div><h2 class=\"tabtitle\">2023<\/h2>\n<div class=\"tabcontent\">\n<br \/>\n<!-- iframe plugin v.4.9 wordpress.org\/plugins\/iframe\/ -->\n<iframe loading=\"lazy\" src=\"https:\/\/www.perseusdata2.com\/imtrans\/2023\/reo_list.php\" height=\"1550\" scrolling=\"yes\" width=\"100%\" class=\"iframe-class\" frameborder=\"0\"><\/iframe>\n<\/p><p>\n<\/div><h2 class=\"tabtitle\">2024<\/h2>\n<div class=\"tabcontent\">\n<br \/>\n<!-- iframe plugin v.4.9 wordpress.org\/plugins\/iframe\/ -->\n<iframe loading=\"lazy\" src=\"https:\/\/www.perseusdata2.com\/imtrans\/2024\/reo_list.php\" height=\"1550\" scrolling=\"yes\" width=\"100%\" class=\"iframe-class\" frameborder=\"0\"><\/iframe>\n<\/p>\n<\/div><h2 class=\"tabtitle\">2025<\/h2>\n<div class=\"tabcontent\">\n\n<!-- iframe plugin v.4.9 wordpress.org\/plugins\/iframe\/ -->\n<iframe loading=\"lazy\" src=\"https:\/\/perseusdata.cloud\/imtransmanacapuru\/2025\/portaldatagrid\/index.php?table=RECEITALANCADA\" height=\"1000\" scrolling=\"yes\" width=\"100%\" class=\"iframe-class\" frameborder=\"0\"><\/iframe>\n<\/div><\/div><\/div>\n\t\t\t\t\t\t\t<\/div>\n\t\t<\/div>\n\t\t\t\t<\/div>\n\t\t\t\t<\/div>\n\t\t\t\t\t\t<\/div>\n\t\t\t\t\t<\/div>\n\t\t<\/div>\n\t\t\t\t\t\t\t\t<\/div>\n\t\t\t\t\t<\/div>\n\t\t<\/section>\n\t\t\t\t\t\t\t\t\t<\/div>\n\t\t\t<\/div>\n\t\t\t\t\t<\/div>\n\t\t","protected":false},"excerpt":{"rendered":"<p>Receitas Or\u00e7ament\u00e1ria Extra Or\u00e7ament\u00e1ria Or\u00e7ament\u00e1ria 2017 2018 2019 2020 2021 Repasses 2022 Repasses 2023 2024 2025 \u00a0 Extra Or\u00e7ament\u00e1ria 2017 2018 2019 2020 2021 2022 2023 2024 2025<\/p>\n","protected":false},"author":1,"featured_media":949,"parent":0,"menu_order":0,"comment_status":"closed","ping_status":"closed","template":"elementor_header_footer","meta":[],"_links":{"self":[{"href":"https:\/\/www.perseusdata2.com\/imtrans\/wp-json\/wp\/v2\/pages\/161"}],"collection":[{"href":"https:\/\/www.perseusdata2.com\/imtrans\/wp-json\/wp\/v2\/pages"}],"about":[{"href":"https:\/\/www.perseusdata2.com\/imtrans\/wp-json\/wp\/v2\/types\/page"}],"author":[{"embeddable":true,"href":"https:\/\/www.perseusdata2.com\/imtrans\/wp-json\/wp\/v2\/users\/1"}],"replies":[{"embeddable":true,"href":"https:\/\/www.perseusdata2.com\/imtrans\/wp-json\/wp\/v2\/comments?post=161"}],"version-history":[{"count":92,"href":"https:\/\/www.perseusdata2.com\/imtrans\/wp-json\/wp\/v2\/pages\/161\/revisions"}],"predecessor-version":[{"id":2005,"href":"https:\/\/www.perseusdata2.com\/imtrans\/wp-json\/wp\/v2\/pages\/161\/revisions\/2005"}],"wp:featuredmedia":[{"embeddable":true,"href":"https:\/\/www.perseusdata2.com\/imtrans\/wp-json\/wp\/v2\/media\/949"}],"wp:attachment":[{"href":"https:\/\/www.perseusdata2.com\/imtrans\/wp-json\/wp\/v2\/media?parent=161"}],"curies":[{"name":"wp","href":"https:\/\/api.w.org\/{rel}","templated":true}]}}