{"id":643,"date":"2021-01-19T13:25:29","date_gmt":"2021-01-19T17:25:29","guid":{"rendered":"http:\/\/www.perseusdata2.com\/imtrans\/?page_id=643"},"modified":"2021-02-21T11:52:46","modified_gmt":"2021-02-21T15:52:46","slug":"suporte-e-sic","status":"publish","type":"page","link":"https:\/\/www.perseusdata2.com\/imtrans\/suporte-e-sic\/","title":{"rendered":"Suporte e-SIC"},"content":{"rendered":"\t\t<div data-elementor-type=\"wp-page\" data-elementor-id=\"643\" class=\"elementor elementor-643\">\n\t\t\t\t\t\t<div class=\"elementor-inner\">\n\t\t\t\t<div class=\"elementor-section-wrap\">\n\t\t\t\t\t\t\t\t\t<section class=\"elementor-section elementor-top-section elementor-element elementor-element-b0837c1 elementor-section-full_width elementor-section-height-default elementor-section-height-default\" data-id=\"b0837c1\" data-element_type=\"section\">\n\t\t\t\t\t\t<div class=\"elementor-container elementor-column-gap-default\">\n\t\t\t\t\t\t\t<div class=\"elementor-row\">\n\t\t\t\t\t<div class=\"elementor-column elementor-col-66 elementor-top-column elementor-element elementor-element-2715d8a\" data-id=\"2715d8a\" data-element_type=\"column\">\n\t\t\t<div class=\"elementor-column-wrap\">\n\t\t\t\t\t\t\t<div class=\"elementor-widget-wrap\">\n\t\t\t\t\t\t\t\t<\/div>\n\t\t\t\t\t<\/div>\n\t\t<\/div>\n\t\t\t\t<div class=\"elementor-column elementor-col-33 elementor-top-column elementor-element elementor-element-b8de4e5\" data-id=\"b8de4e5\" data-element_type=\"column\">\n\t\t\t<div class=\"elementor-column-wrap elementor-element-populated\">\n\t\t\t\t\t\t\t<div class=\"elementor-widget-wrap\">\n\t\t\t\t\t\t<div class=\"elementor-element elementor-element-14af15d elementor-headline--style-highlight elementor-widget elementor-widget-animated-headline\" data-id=\"14af15d\" data-element_type=\"widget\" data-settings=\"{&quot;marker&quot;:&quot;underline&quot;,&quot;highlighted_text&quot;:&quot;e-SIC&quot;,&quot;headline_style&quot;:&quot;highlight&quot;,&quot;loop&quot;:&quot;yes&quot;,&quot;highlight_animation_duration&quot;:1200,&quot;highlight_iteration_delay&quot;:8000}\" data-widget_type=\"animated-headline.default\">\n\t\t\t\t<div class=\"elementor-widget-container\">\n\t\t\t\t\t<h4 class=\"elementor-headline\">\n\t\t\t\t<span class=\"elementor-headline-dynamic-wrapper elementor-headline-text-wrapper\">\n\t\t\t\t\t<span class=\"elementor-headline-dynamic-text elementor-headline-text-active\">e-SIC<\/span>\n\t\t\t\t<\/span>\n\t\t\t\t<\/h4>\n\t\t\t\t<\/div>\n\t\t\t\t<\/div>\n\t\t\t\t\t\t<\/div>\n\t\t\t\t\t<\/div>\n\t\t<\/div>\n\t\t\t\t\t\t\t\t<\/div>\n\t\t\t\t\t<\/div>\n\t\t<\/section>\n\t\t\t\t<section class=\"elementor-section elementor-top-section elementor-element elementor-element-296de2d elementor-section-boxed elementor-section-height-default elementor-section-height-default\" data-id=\"296de2d\" data-element_type=\"section\" data-settings=\"{&quot;shape_divider_top&quot;:&quot;opacity-tilt&quot;}\">\n\t\t\t\t\t<div class=\"elementor-shape elementor-shape-top\" data-negative=\"false\">\n\t\t\t<svg xmlns=\"http:\/\/www.w3.org\/2000\/svg\" viewBox=\"0 0 2600 131.1\" preserveAspectRatio=\"none\">\n\t<path class=\"elementor-shape-fill\" d=\"M0 0L2600 0 2600 69.1 0 0z\"\/>\n\t<path class=\"elementor-shape-fill\" style=\"opacity:0.5\" d=\"M0 0L2600 0 2600 69.1 0 69.1z\"\/>\n\t<path class=\"elementor-shape-fill\" style=\"opacity:0.25\" d=\"M2600 0L0 0 0 130.1 2600 69.1z\"\/>\n<\/svg>\t\t<\/div>\n\t\t\t\t\t<div class=\"elementor-container elementor-column-gap-default\">\n\t\t\t\t\t\t\t<div class=\"elementor-row\">\n\t\t\t\t\t<div class=\"elementor-column elementor-col-100 elementor-top-column elementor-element elementor-element-0df04d7\" data-id=\"0df04d7\" data-element_type=\"column\">\n\t\t\t<div class=\"elementor-column-wrap elementor-element-populated\">\n\t\t\t\t\t\t\t<div class=\"elementor-widget-wrap\">\n\t\t\t\t\t\t<div class=\"elementor-element elementor-element-071ab6e elementor-invisible elementor-widget elementor-widget-image\" data-id=\"071ab6e\" data-element_type=\"widget\" data-settings=\"{&quot;_animation&quot;:&quot;fadeIn&quot;,&quot;ep_parallax_effects_show&quot;:&quot;yes&quot;,&quot;ep_parallax_effects_y&quot;:&quot;yes&quot;,&quot;ep_parallax_effects_y_start&quot;:{&quot;unit&quot;:&quot;px&quot;,&quot;size&quot;:100,&quot;sizes&quot;:[]},&quot;ep_parallax_effects_viewport&quot;:&quot;yes&quot;,&quot;ep_parallax_effects_viewport_value&quot;:{&quot;unit&quot;:&quot;px&quot;,&quot;size&quot;:0.2,&quot;sizes&quot;:[]},&quot;ep_parallax_effects_y_end&quot;:{&quot;unit&quot;:&quot;px&quot;,&quot;size&quot;:0,&quot;sizes&quot;:[]},&quot;ep_parallax_effects_rotate_start&quot;:{&quot;unit&quot;:&quot;px&quot;,&quot;size&quot;:&quot;&quot;,&quot;sizes&quot;:[]},&quot;ep_parallax_effects_rotate_end&quot;:{&quot;unit&quot;:&quot;px&quot;,&quot;size&quot;:&quot;&quot;,&quot;sizes&quot;:[]},&quot;ep_parallax_effects_scale_start&quot;:{&quot;unit&quot;:&quot;px&quot;,&quot;size&quot;:1,&quot;sizes&quot;:[]},&quot;ep_parallax_effects_scale_end&quot;:{&quot;unit&quot;:&quot;px&quot;,&quot;size&quot;:1,&quot;sizes&quot;:[]},&quot;ep_parallax_effects_hue_value&quot;:{&quot;unit&quot;:&quot;px&quot;,&quot;size&quot;:&quot;&quot;,&quot;sizes&quot;:[]},&quot;ep_parallax_effects_sepia_value&quot;:{&quot;unit&quot;:&quot;px&quot;,&quot;size&quot;:1,&quot;sizes&quot;:[]},&quot;ep_parallax_effects_easing_value&quot;:{&quot;unit&quot;:&quot;px&quot;,&quot;size&quot;:1,&quot;sizes&quot;:[]}}\" data-widget_type=\"image.default\">\n\t\t\t\t<div class=\"elementor-widget-container\">\n\t\t\t\t\t\t\t\t<div class=\"elementor-image\">\n\t\t\t\t\t\t\t\t\t<figure class=\"wp-caption\">\n\t\t\t\t\t\t\t\t\t\t\t<a href=\"https:\/\/www.perseusdata2.com\/imtrans\/e-sic\/\">\n\t\t\t\t\t\t\t<img width=\"300\" height=\"120\" src=\"https:\/\/www.perseusdata2.com\/imtrans\/wp-content\/uploads\/sites\/28\/2021\/01\/sic.width-500-300x120.png\" class=\"attachment-medium size-medium\" alt=\"\" loading=\"lazy\" srcset=\"https:\/\/www.perseusdata2.com\/imtrans\/wp-content\/uploads\/sites\/28\/2021\/01\/sic.width-500-300x120.png 300w, https:\/\/www.perseusdata2.com\/imtrans\/wp-content\/uploads\/sites\/28\/2021\/01\/sic.width-500.png 492w\" sizes=\"(max-width: 300px) 100vw, 300px\" style=\"width:100%;height:39.84%;max-width:492px\" \/>\t\t\t\t\t\t\t\t<\/a>\n\t\t\t\t\t\t\t\t\t\t\t<figcaption class=\"widget-image-caption wp-caption-text\">Clique na imagem para acesso ao sistema<\/figcaption>\n\t\t\t\t\t\t\t\t\t\t<\/figure>\n\t\t\t\t\t\t\t\t<\/div>\n\t\t\t\t\t\t<\/div>\n\t\t\t\t<\/div>\n\t\t\t\t<div class=\"elementor-element elementor-element-09b6b67 elementor-widget elementor-widget-spacer\" data-id=\"09b6b67\" data-element_type=\"widget\" data-widget_type=\"spacer.default\">\n\t\t\t\t<div class=\"elementor-widget-container\">\n\t\t\t\t\t<div class=\"elementor-spacer\">\n\t\t\t<div class=\"elementor-spacer-inner\"><\/div>\n\t\t<\/div>\n\t\t\t\t<\/div>\n\t\t\t\t<\/div>\n\t\t\t\t<div class=\"elementor-element elementor-element-f1d4fc2 elementor-widget elementor-widget-text-editor\" data-id=\"f1d4fc2\" data-element_type=\"widget\" data-widget_type=\"text-editor.default\">\n\t\t\t\t<div class=\"elementor-widget-container\">\n\t\t\t\t\t\t\t\t<div class=\"elementor-text-editor elementor-clearfix\">\n\t\t\t\t<h4><strong>e-SIC F\u00edsico<\/strong><\/h4><div><strong>\u00a0<\/strong><\/div><p>Endere\u00e7o :Estrada Manoel Urbano 1813 Bairro Terra Preta \u2013 Manacapuru -Am, CEP: 69.400-000<\/p><p>\u00a0<\/p><p>\u00a0<\/p><p>Para solicitar uma informa\u00e7\u00f5es, acesse nossa plataforma clicando na imagem do SIC. Voc\u00ea ser\u00e1 redirecionado para nossa plataforma de informa\u00e7\u00e3o aonde poder\u00e1 requisitar sua informa\u00e7\u00e3o ou requisi\u00e7\u00e3o.<\/p><p>\u00a0<\/p><p><strong>\u00a0<\/strong><\/p><p><strong>Informa\u00e7\u00f5es \u00fateis para efetuar uma solicita\u00e7\u00e3o.<\/strong><\/p><p><strong>\u00a0<\/strong><\/p><p>Informe sua solicita\u00e7\u00e3o com todas as suas informa\u00e7\u00f5es, sempre atualizadas, lembrando que, quanto mais completas as informa\u00e7\u00f5es, mais garantido ser\u00e1 o encaminhamento de sua resposta.<\/p><p>Procure fazer uma solicita\u00e7\u00e3o por formul\u00e1rio, exceto nos casos em que os assuntos sejam correlatos, isso agilizar\u00e1 e encurtar\u00e1 o tempo de espera pela resposta.<\/p><p>Evite fazer pedidos muito gen\u00e9ricos ou desproporcionais, pois isso poder\u00e1 ocasionar uma negativa \u00e0 sua solicita\u00e7\u00e3o.<\/p>\t\t\t\t\t<\/div>\n\t\t\t\t\t\t<\/div>\n\t\t\t\t<\/div>\n\t\t\t\t<div class=\"elementor-element elementor-element-96d18c3 elementor-widget elementor-widget-text-editor\" data-id=\"96d18c3\" data-element_type=\"widget\" data-widget_type=\"text-editor.default\">\n\t\t\t\t<div class=\"elementor-widget-container\">\n\t\t\t\t\t\t\t\t<div class=\"elementor-text-editor elementor-clearfix\">\n\t\t\t\t<h4><strong>Observa\u00e7\u00e3o<\/strong><\/h4><div><strong>\u00a0<\/strong><\/div><p>A maneira mais \u00e1gil para encaminhamento das respostas \u00e9 o seu e-mail. Fa\u00e7a sua solicita\u00e7\u00e3o de maneira clara e objetiva permitindo que o \u00f3rg\u00e3o compreenda a sua solicita\u00e7\u00e3o para lhe proporcionar a resposta correta.<\/p><p>Disponibilizamos os formul\u00e1rios de requisi\u00e7\u00e3o de informa\u00e7\u00e3o para baixar :<\/p><p><span style=\"color: #0000ff;\"><a style=\"color: #0000ff; text-decoration: underline;\" href=\"http:\/\/perseusdata2.com\/PFISICA.pdf\">Pessoa F\u00edsica<\/a><\/span><span style=\"text-decoration: underline;\">\u00a0<\/span><span style=\"color: #0000ff;\"><a style=\"color: #0000ff; text-decoration: underline;\" href=\"http:\/\/perseusdata2.com\/PJURIDICA.pdf\">Pessoa Jur\u00eddica<\/a>\u00a0<\/span><\/p>\t\t\t\t\t<\/div>\n\t\t\t\t\t\t<\/div>\n\t\t\t\t<\/div>\n\t\t\t\t\t\t<\/div>\n\t\t\t\t\t<\/div>\n\t\t<\/div>\n\t\t\t\t\t\t\t\t<\/div>\n\t\t\t\t\t<\/div>\n\t\t<\/section>\n\t\t\t\t<section class=\"elementor-section elementor-top-section elementor-element elementor-element-7576232 elementor-section-boxed elementor-section-height-default elementor-section-height-default\" data-id=\"7576232\" data-element_type=\"section\">\n\t\t\t\t\t\t<div class=\"elementor-container elementor-column-gap-default\">\n\t\t\t\t\t\t\t<div class=\"elementor-row\">\n\t\t\t\t\t<div class=\"elementor-column elementor-col-100 elementor-top-column elementor-element elementor-element-329c2e1\" data-id=\"329c2e1\" data-element_type=\"column\">\n\t\t\t<div class=\"elementor-column-wrap\">\n\t\t\t\t\t\t\t<div class=\"elementor-widget-wrap\">\n\t\t\t\t\t\t\t\t<\/div>\n\t\t\t\t\t<\/div>\n\t\t<\/div>\n\t\t\t\t\t\t\t\t<\/div>\n\t\t\t\t\t<\/div>\n\t\t<\/section>\n\t\t\t\t\t\t\t\t\t<\/div>\n\t\t\t<\/div>\n\t\t\t\t\t<\/div>\n\t\t","protected":false},"excerpt":{"rendered":"<p>e-SIC Clique na imagem para acesso ao sistema e-SIC F\u00edsico \u00a0 Endere\u00e7o :Estrada Manoel Urbano 1813 Bairro Terra Preta \u2013 Manacapuru -Am, CEP: 69.400-000 \u00a0 \u00a0 Para solicitar uma informa\u00e7\u00f5es, acesse nossa plataforma clicando na imagem do SIC. Voc\u00ea ser\u00e1 redirecionado para nossa plataforma de informa\u00e7\u00e3o aonde poder\u00e1 requisitar sua informa\u00e7\u00e3o ou requisi\u00e7\u00e3o. \u00a0 \u00a0&hellip; <a class=\"more-link\" href=\"https:\/\/www.perseusdata2.com\/imtrans\/suporte-e-sic\/\">Continuar lendo <span class=\"screen-reader-text\">Suporte e-SIC<\/span><\/a><\/p>\n","protected":false},"author":1,"featured_media":947,"parent":0,"menu_order":0,"comment_status":"closed","ping_status":"closed","template":"elementor_header_footer","meta":[],"_links":{"self":[{"href":"https:\/\/www.perseusdata2.com\/imtrans\/wp-json\/wp\/v2\/pages\/643"}],"collection":[{"href":"https:\/\/www.perseusdata2.com\/imtrans\/wp-json\/wp\/v2\/pages"}],"about":[{"href":"https:\/\/www.perseusdata2.com\/imtrans\/wp-json\/wp\/v2\/types\/page"}],"author":[{"embeddable":true,"href":"https:\/\/www.perseusdata2.com\/imtrans\/wp-json\/wp\/v2\/users\/1"}],"replies":[{"embeddable":true,"href":"https:\/\/www.perseusdata2.com\/imtrans\/wp-json\/wp\/v2\/comments?post=643"}],"version-history":[{"count":137,"href":"https:\/\/www.perseusdata2.com\/imtrans\/wp-json\/wp\/v2\/pages\/643\/revisions"}],"predecessor-version":[{"id":1755,"href":"https:\/\/www.perseusdata2.com\/imtrans\/wp-json\/wp\/v2\/pages\/643\/revisions\/1755"}],"wp:featuredmedia":[{"embeddable":true,"href":"https:\/\/www.perseusdata2.com\/imtrans\/wp-json\/wp\/v2\/media\/947"}],"wp:attachment":[{"href":"https:\/\/www.perseusdata2.com\/imtrans\/wp-json\/wp\/v2\/media?parent=643"}],"curies":[{"name":"wp","href":"https:\/\/api.w.org\/{rel}","templated":true}]}}